{"id":118885,"date":"2024-07-09T14:14:00","date_gmt":"2024-07-09T06:14:00","guid":{"rendered":"https:\/\/www.mobile-well.com\/?post_type=product&#038;p=118885"},"modified":"2024-07-09T14:14:11","modified_gmt":"2024-07-09T06:14:11","slug":"altavoces-inalambricos-portatiles-bt-para-telefono-movil-tableta-computadora","status":"publish","type":"product","link":"https:\/\/www.mobile-well.com\/es\/producto\/altavoces-inalambricos-portatiles-bt-para-telefono-movil-tableta-computadora\/","title":{"rendered":"Altavoces inal\u00e1mbricos port\u00e1tiles BT para tel\u00e9fono m\u00f3vil\/tableta\/computadora"},"content":{"rendered":"","protected":false},"excerpt":{"rendered":"<ul>\n<li>Producto NO.:P2106-A23<\/li>\n<li>Cantidad m\u00ednima de pedido: 100 unidades.<\/li>\n<li>Color: negro\/rojo\/azul\/verde<\/li>\n<li>Versi\u00f3n Bluetooth: 5.0<\/li>\n<li>Capacidad de la bater\u00eda: 500 MAH<\/li>\n<li>Potencia del altavoz: 3W<\/li>\n<li>Tama\u00f1o del altavoz: 52 mm<\/li>\n<li>Modo de soporte: TF, USB, FM, BT<\/li>\n<\/ul>\n","protected":false},"featured_media":118886,"template":"","meta":[],"product_brand":[],"product_cat":[310],"product_tag":[10227],"class_list":{"0":"post-118885","1":"product","2":"type-product","3":"status-publish","4":"has-post-thumbnail","6":"product_cat-parlantes","7":"product_tag-altavoces-inalambricos-portatiles-bt","9":"first","10":"instock","11":"shipping-taxable","12":"product-type-simple"},"jetpack_sharing_enabled":true,"_links":{"self":[{"href":"https:\/\/www.mobile-well.com\/es\/wp-json\/wp\/v2\/product\/118885","targetHints":{"allow":["GET"]}}],"collection":[{"href":"https:\/\/www.mobile-well.com\/es\/wp-json\/wp\/v2\/product"}],"about":[{"href":"https:\/\/www.mobile-well.com\/es\/wp-json\/wp\/v2\/types\/product"}],"wp:featuredmedia":[{"embeddable":true,"href":"https:\/\/www.mobile-well.com\/es\/wp-json\/wp\/v2\/media\/118886"}],"wp:attachment":[{"href":"https:\/\/www.mobile-well.com\/es\/wp-json\/wp\/v2\/media?parent=118885"}],"wp:term":[{"taxonomy":"product_brand","embeddable":true,"href":"https:\/\/www.mobile-well.com\/es\/wp-json\/wp\/v2\/product_brand?post=118885"},{"taxonomy":"product_cat","embeddable":true,"href":"https:\/\/www.mobile-well.com\/es\/wp-json\/wp\/v2\/product_cat?post=118885"},{"taxonomy":"product_tag","embeddable":true,"href":"https:\/\/www.mobile-well.com\/es\/wp-json\/wp\/v2\/product_tag?post=118885"}],"curies":[{"name":"wp","href":"https:\/\/api.w.org\/{rel}","templated":true}]}}