{"id":118901,"date":"2024-07-09T14:20:19","date_gmt":"2024-07-09T06:20:19","guid":{"rendered":"https:\/\/www.mobile-well.com\/?post_type=product&#038;p=118901"},"modified":"2024-07-09T14:20:30","modified_gmt":"2024-07-09T06:20:30","slug":"nuevo-diseno-bt5-0-car-styling-diseno-altavoz-bluetooth-inalambrico-portatil","status":"publish","type":"product","link":"https:\/\/www.mobile-well.com\/es\/producto\/nuevo-diseno-bt5-0-car-styling-diseno-altavoz-bluetooth-inalambrico-portatil\/","title":{"rendered":"Nuevo dise\u00f1o BT5.0 Car Styling Dise\u00f1o Altavoz Bluetooth inal\u00e1mbrico port\u00e1til"},"content":{"rendered":"","protected":false},"excerpt":{"rendered":"<ul>\n<li>Producto NO.:P2106-A25<\/li>\n<li>Cantidad m\u00ednima de pedido: 150 unidades.<\/li>\n<li>Color: Negro\/Blanco\/Azul\/Rojo\/Amarillo<\/li>\n<li>Versi\u00f3n Bluetooth: 5.0<\/li>\n<li>Distancia BT: 10M<\/li>\n<li>Capacidad de la bater\u00eda: 1200MA\/H<\/li>\n<li>Potencia del altavoz: 5W<\/li>\n<li>Tama\u00f1o del altavoz: 57 mm-45 magn\u00e9tico<\/li>\n<li>Modo de soporte: TF, USB, FM, BT, TWS<\/li>\n<li>Cantidad de embalaje: 30 unidades\/caja<\/li>\n<li>Peso neto: 17,4 kg<\/li>\n<li>Peso bruto: 18,1 kg<\/li>\n<li>Tama\u00f1o de la caja: 54*31,5*54 cm<\/li>\n<\/ul>\n","protected":false},"featured_media":118918,"template":"","meta":[],"product_brand":[],"product_cat":[310],"product_tag":[10229,10228],"class_list":{"0":"post-118901","1":"product","2":"type-product","3":"status-publish","4":"has-post-thumbnail","6":"product_cat-parlantes","7":"product_tag-altavoz-bluetooth-inalambrico-portatil","8":"product_tag-bt5-0-car-styling-diseno-altavoz-bluetooth","10":"first","11":"instock","12":"shipping-taxable","13":"product-type-simple"},"jetpack_sharing_enabled":true,"_links":{"self":[{"href":"https:\/\/www.mobile-well.com\/es\/wp-json\/wp\/v2\/product\/118901","targetHints":{"allow":["GET"]}}],"collection":[{"href":"https:\/\/www.mobile-well.com\/es\/wp-json\/wp\/v2\/product"}],"about":[{"href":"https:\/\/www.mobile-well.com\/es\/wp-json\/wp\/v2\/types\/product"}],"wp:featuredmedia":[{"embeddable":true,"href":"https:\/\/www.mobile-well.com\/es\/wp-json\/wp\/v2\/media\/118918"}],"wp:attachment":[{"href":"https:\/\/www.mobile-well.com\/es\/wp-json\/wp\/v2\/media?parent=118901"}],"wp:term":[{"taxonomy":"product_brand","embeddable":true,"href":"https:\/\/www.mobile-well.com\/es\/wp-json\/wp\/v2\/product_brand?post=118901"},{"taxonomy":"product_cat","embeddable":true,"href":"https:\/\/www.mobile-well.com\/es\/wp-json\/wp\/v2\/product_cat?post=118901"},{"taxonomy":"product_tag","embeddable":true,"href":"https:\/\/www.mobile-well.com\/es\/wp-json\/wp\/v2\/product_tag?post=118901"}],"curies":[{"name":"wp","href":"https:\/\/api.w.org\/{rel}","templated":true}]}}