{"id":118943,"date":"2024-07-09T14:36:11","date_gmt":"2024-07-09T06:36:11","guid":{"rendered":"https:\/\/www.mobile-well.com\/?post_type=product&#038;p=118943"},"modified":"2024-07-09T14:36:21","modified_gmt":"2024-07-09T06:36:21","slug":"presidente-inalambrico-portatil-de-bluetooth-del-diseno-fresco-superior-de-la-forma-del-coche-5w","status":"publish","type":"product","link":"https:\/\/www.mobile-well.com\/es\/producto\/presidente-inalambrico-portatil-de-bluetooth-del-diseno-fresco-superior-de-la-forma-del-coche-5w\/","title":{"rendered":"Presidente inal\u00e1mbrico port\u00e1til de Bluetooth del dise\u00f1o fresco superior de la forma del coche 5W"},"content":{"rendered":"","protected":false},"excerpt":{"rendered":"<ul>\n<li>Producto NO.:P2106-A24<\/li>\n<li>Cantidad m\u00ednima de pedido: 200 unidades.<\/li>\n<li>Color: Negro\/Blanco\/Azul\/Rojo\/Amarillo<\/li>\n<li>Versi\u00f3n Bluetooth: 5.0<\/li>\n<li>Distancia BT: 10M<\/li>\n<li>Capacidad de la bater\u00eda: 1200MA\/H<\/li>\n<li>Potencia del altavoz: 5W<\/li>\n<li>Tama\u00f1o del altavoz: 57 mm-45 magn\u00e9tico<\/li>\n<li>Modo de soporte: TF, USB, FM, BT, TWS<\/li>\n<li>Especificaci\u00f3n de producto: 210 mm * 90 mm * 60 mm<\/li>\n<\/ul>\n","protected":false},"featured_media":118946,"template":"","meta":[],"product_brand":[],"product_cat":[310],"product_tag":[10232],"class_list":{"0":"post-118943","1":"product","2":"type-product","3":"status-publish","4":"has-post-thumbnail","6":"product_cat-parlantes","7":"product_tag-presidente-inalambrico-portatil-de-bluetooth","9":"first","10":"instock","11":"shipping-taxable","12":"product-type-simple"},"jetpack_sharing_enabled":true,"_links":{"self":[{"href":"https:\/\/www.mobile-well.com\/es\/wp-json\/wp\/v2\/product\/118943","targetHints":{"allow":["GET"]}}],"collection":[{"href":"https:\/\/www.mobile-well.com\/es\/wp-json\/wp\/v2\/product"}],"about":[{"href":"https:\/\/www.mobile-well.com\/es\/wp-json\/wp\/v2\/types\/product"}],"wp:featuredmedia":[{"embeddable":true,"href":"https:\/\/www.mobile-well.com\/es\/wp-json\/wp\/v2\/media\/118946"}],"wp:attachment":[{"href":"https:\/\/www.mobile-well.com\/es\/wp-json\/wp\/v2\/media?parent=118943"}],"wp:term":[{"taxonomy":"product_brand","embeddable":true,"href":"https:\/\/www.mobile-well.com\/es\/wp-json\/wp\/v2\/product_brand?post=118943"},{"taxonomy":"product_cat","embeddable":true,"href":"https:\/\/www.mobile-well.com\/es\/wp-json\/wp\/v2\/product_cat?post=118943"},{"taxonomy":"product_tag","embeddable":true,"href":"https:\/\/www.mobile-well.com\/es\/wp-json\/wp\/v2\/product_tag?post=118943"}],"curies":[{"name":"wp","href":"https:\/\/api.w.org\/{rel}","templated":true}]}}