{"id":119004,"date":"2024-07-09T14:56:21","date_gmt":"2024-07-09T06:56:21","guid":{"rendered":"https:\/\/www.mobile-well.com\/?post_type=product&#038;p=119004"},"modified":"2024-07-09T14:56:31","modified_gmt":"2024-07-09T06:56:31","slug":"presidente-inalambrico-portatil-de-bluetooth-de-la-calidad-al-por-mayor-del-precio-de-fabrica","status":"publish","type":"product","link":"https:\/\/www.mobile-well.com\/es\/producto\/presidente-inalambrico-portatil-de-bluetooth-de-la-calidad-al-por-mayor-del-precio-de-fabrica\/","title":{"rendered":"Presidente inal\u00e1mbrico port\u00e1til de Bluetooth de la calidad al por mayor del precio de f\u00e1brica"},"content":{"rendered":"","protected":false},"excerpt":{"rendered":"<ul>\n<li>Producto NO.:P2106-A12<\/li>\n<li>Cantidad m\u00ednima de pedido: 30 unidades.<\/li>\n<li>Color: rojo\/azul\/negro<\/li>\n<li>Versi\u00f3n BT: programa 5,0 BT<\/li>\n<li>Capacidad de bater\u00eda: 18650,1200 mAh, Un producto con protecci\u00f3n<\/li>\n<li>Potencia del altavoz: 66mm*2 4\u03a9 3W*2<\/li>\n<li>Funci\u00f3n: BT, disco U, tarjeta TF, FM, doble canal<\/li>\n<\/ul>\n","protected":false},"featured_media":119011,"template":"","meta":[],"product_brand":[],"product_cat":[310],"product_tag":[10235,10232],"class_list":{"0":"post-119004","1":"product","2":"type-product","3":"status-publish","4":"has-post-thumbnail","6":"product_cat-parlantes","7":"product_tag-al-por-mayor-del-precio-de-fabrica","8":"product_tag-presidente-inalambrico-portatil-de-bluetooth","10":"first","11":"instock","12":"shipping-taxable","13":"product-type-simple"},"jetpack_sharing_enabled":true,"_links":{"self":[{"href":"https:\/\/www.mobile-well.com\/es\/wp-json\/wp\/v2\/product\/119004","targetHints":{"allow":["GET"]}}],"collection":[{"href":"https:\/\/www.mobile-well.com\/es\/wp-json\/wp\/v2\/product"}],"about":[{"href":"https:\/\/www.mobile-well.com\/es\/wp-json\/wp\/v2\/types\/product"}],"wp:featuredmedia":[{"embeddable":true,"href":"https:\/\/www.mobile-well.com\/es\/wp-json\/wp\/v2\/media\/119011"}],"wp:attachment":[{"href":"https:\/\/www.mobile-well.com\/es\/wp-json\/wp\/v2\/media?parent=119004"}],"wp:term":[{"taxonomy":"product_brand","embeddable":true,"href":"https:\/\/www.mobile-well.com\/es\/wp-json\/wp\/v2\/product_brand?post=119004"},{"taxonomy":"product_cat","embeddable":true,"href":"https:\/\/www.mobile-well.com\/es\/wp-json\/wp\/v2\/product_cat?post=119004"},{"taxonomy":"product_tag","embeddable":true,"href":"https:\/\/www.mobile-well.com\/es\/wp-json\/wp\/v2\/product_tag?post=119004"}],"curies":[{"name":"wp","href":"https:\/\/api.w.org\/{rel}","templated":true}]}}