{"id":119040,"date":"2024-08-09T14:11:14","date_gmt":"2024-08-09T06:11:14","guid":{"rendered":"https:\/\/www.mobile-well.com\/?post_type=product&#038;p=119040"},"modified":"2024-08-09T14:11:22","modified_gmt":"2024-08-09T06:11:22","slug":"auriculares-bluetooth-inalambricos-multifuncion-de-alta-calidad-al-por-mayor-bt-v5-3edr","status":"publish","type":"product","link":"https:\/\/www.mobile-well.com\/es\/producto\/auriculares-bluetooth-inalambricos-multifuncion-de-alta-calidad-al-por-mayor-bt-v5-3edr\/","title":{"rendered":"Auriculares bluetooth inal\u00e1mbricos multifunci\u00f3n de alta calidad al por mayor BT V5.3+EDR"},"content":{"rendered":"","protected":false},"excerpt":{"rendered":"<ul>\n<li>N.\u00ba de producto: P2307-A1<\/li>\n<li>Versi\u00f3n BT: BT V5.3+EDR<\/li>\n<li>Distancia de transmisi\u00f3n: 10 metros<\/li>\n<li>Tiempo de uso: aproximadamente 5 h<\/li>\n<li>Tiempo en espera: 22 h<\/li>\n<li>Bater\u00eda: bater\u00eda de pol\u00edmero recargable de 200 mAh<\/li>\n<li>Peso del producto: 215 g<\/li>\n<li>Tama\u00f1o del embalaje: 17,8 x 5 x 19,6 cm<\/li>\n<\/ul>\n","protected":false},"featured_media":119051,"template":"","meta":[],"product_brand":[],"product_cat":[3024],"product_tag":[10257,7589,10256],"class_list":{"0":"post-119040","1":"product","2":"type-product","3":"status-publish","4":"has-post-thumbnail","6":"product_cat-bluetooth-headphones","7":"product_tag-alta-calidad-al-por-mayor-bt-v5-3edr-2","8":"product_tag-auriculares-bluetooth-3","9":"product_tag-auriculares-bluetooth-inalambricos-multifuncion-2","11":"first","12":"instock","13":"shipping-taxable","14":"product-type-simple"},"jetpack_sharing_enabled":true,"_links":{"self":[{"href":"https:\/\/www.mobile-well.com\/es\/wp-json\/wp\/v2\/product\/119040","targetHints":{"allow":["GET"]}}],"collection":[{"href":"https:\/\/www.mobile-well.com\/es\/wp-json\/wp\/v2\/product"}],"about":[{"href":"https:\/\/www.mobile-well.com\/es\/wp-json\/wp\/v2\/types\/product"}],"wp:featuredmedia":[{"embeddable":true,"href":"https:\/\/www.mobile-well.com\/es\/wp-json\/wp\/v2\/media\/119051"}],"wp:attachment":[{"href":"https:\/\/www.mobile-well.com\/es\/wp-json\/wp\/v2\/media?parent=119040"}],"wp:term":[{"taxonomy":"product_brand","embeddable":true,"href":"https:\/\/www.mobile-well.com\/es\/wp-json\/wp\/v2\/product_brand?post=119040"},{"taxonomy":"product_cat","embeddable":true,"href":"https:\/\/www.mobile-well.com\/es\/wp-json\/wp\/v2\/product_cat?post=119040"},{"taxonomy":"product_tag","embeddable":true,"href":"https:\/\/www.mobile-well.com\/es\/wp-json\/wp\/v2\/product_tag?post=119040"}],"curies":[{"name":"wp","href":"https:\/\/api.w.org\/{rel}","templated":true}]}}