{"id":119056,"date":"2024-08-09T14:19:47","date_gmt":"2024-08-09T06:19:47","guid":{"rendered":"https:\/\/www.mobile-well.com\/?post_type=product&#038;p=119056"},"modified":"2024-08-09T14:19:55","modified_gmt":"2024-08-09T06:19:55","slug":"venta-directa-al-por-mayor-de-auriculares-estereo-inalambricos-bluetooth-bt-v5-3edr","status":"publish","type":"product","link":"https:\/\/www.mobile-well.com\/es\/producto\/venta-directa-al-por-mayor-de-auriculares-estereo-inalambricos-bluetooth-bt-v5-3edr\/","title":{"rendered":"Venta directa al por mayor de auriculares est\u00e9reo inal\u00e1mbricos Bluetooth BT V5.3+EDR"},"content":{"rendered":"","protected":false},"excerpt":{"rendered":"<ul>\n<li>N.\u00ba de producto: P2307-A4<\/li>\n<li>Versi\u00f3n BT: BT V5.3+EDR<\/li>\n<li>Distancia de transmisi\u00f3n: 10 metros<\/li>\n<li>Tiempo de uso: aproximadamente 5 h<\/li>\n<li>Tiempo en espera: 22 h<\/li>\n<li>Bater\u00eda: bater\u00eda de pol\u00edmero recargable de 200 mAh<\/li>\n<li>Peso del producto: 195 g<\/li>\n<li>Tama\u00f1o del embalaje: 16,8 x 7,6 x 19,5 cm<\/li>\n<\/ul>\n","protected":false},"featured_media":119069,"template":"","meta":[],"product_brand":[],"product_cat":[3016],"product_tag":[10259,10258],"class_list":{"0":"post-119056","1":"product","2":"type-product","3":"status-publish","4":"has-post-thumbnail","6":"product_cat-auriculares-bluetooth","7":"product_tag-auriculares-estereo-inalambricos-bluetooth-bt-v5-3edr","8":"product_tag-venta-directa-al-por-mayor","10":"first","11":"instock","12":"shipping-taxable","13":"product-type-simple"},"jetpack_sharing_enabled":true,"_links":{"self":[{"href":"https:\/\/www.mobile-well.com\/es\/wp-json\/wp\/v2\/product\/119056","targetHints":{"allow":["GET"]}}],"collection":[{"href":"https:\/\/www.mobile-well.com\/es\/wp-json\/wp\/v2\/product"}],"about":[{"href":"https:\/\/www.mobile-well.com\/es\/wp-json\/wp\/v2\/types\/product"}],"wp:featuredmedia":[{"embeddable":true,"href":"https:\/\/www.mobile-well.com\/es\/wp-json\/wp\/v2\/media\/119069"}],"wp:attachment":[{"href":"https:\/\/www.mobile-well.com\/es\/wp-json\/wp\/v2\/media?parent=119056"}],"wp:term":[{"taxonomy":"product_brand","embeddable":true,"href":"https:\/\/www.mobile-well.com\/es\/wp-json\/wp\/v2\/product_brand?post=119056"},{"taxonomy":"product_cat","embeddable":true,"href":"https:\/\/www.mobile-well.com\/es\/wp-json\/wp\/v2\/product_cat?post=119056"},{"taxonomy":"product_tag","embeddable":true,"href":"https:\/\/www.mobile-well.com\/es\/wp-json\/wp\/v2\/product_tag?post=119056"}],"curies":[{"name":"wp","href":"https:\/\/api.w.org\/{rel}","templated":true}]}}