{"id":119073,"date":"2024-08-09T14:38:18","date_gmt":"2024-08-09T06:38:18","guid":{"rendered":"https:\/\/www.mobile-well.com\/?post_type=product&#038;p=119073"},"modified":"2024-08-09T14:38:26","modified_gmt":"2024-08-09T06:38:26","slug":"auriculares-inalambricos-bluetooth-bt-v5-3edr-de-gran-venta-con-buena-calidad-de-sonido","status":"publish","type":"product","link":"https:\/\/www.mobile-well.com\/es\/producto\/auriculares-inalambricos-bluetooth-bt-v5-3edr-de-gran-venta-con-buena-calidad-de-sonido\/","title":{"rendered":"Auriculares inal\u00e1mbricos Bluetooth BT V5.3+EDR de gran venta con buena calidad de sonido"},"content":{"rendered":"","protected":false},"excerpt":{"rendered":"<ul>\n<li>N.\u00ba de producto: P2307-A2<\/li>\n<li>Versi\u00f3n BT: BT V5.3+EDR<\/li>\n<li>Distancia de transmisi\u00f3n: 10 metros<\/li>\n<li>Tiempo de uso: aproximadamente 5 h<\/li>\n<li>Tiempo en espera: 22 h<\/li>\n<li>Bater\u00eda: bater\u00eda de pol\u00edmero recargable de 200 mAh<\/li>\n<li>Peso del producto: 215 g<\/li>\n<li>Tama\u00f1o del embalaje: 17,8 x 5 x 19,6 cm<\/li>\n<\/ul>\n","protected":false},"featured_media":119084,"template":"","meta":[],"product_brand":[],"product_cat":[3016],"product_tag":[10260,10261],"class_list":{"0":"post-119073","1":"product","2":"type-product","3":"status-publish","4":"has-post-thumbnail","6":"product_cat-auriculares-bluetooth","7":"product_tag-auriculares-inalambricos-bluetooth-bt-v5-3edr","8":"product_tag-gran-venta-con-buena-calidad-de-sonido","10":"first","11":"instock","12":"shipping-taxable","13":"product-type-simple"},"jetpack_sharing_enabled":true,"_links":{"self":[{"href":"https:\/\/www.mobile-well.com\/es\/wp-json\/wp\/v2\/product\/119073","targetHints":{"allow":["GET"]}}],"collection":[{"href":"https:\/\/www.mobile-well.com\/es\/wp-json\/wp\/v2\/product"}],"about":[{"href":"https:\/\/www.mobile-well.com\/es\/wp-json\/wp\/v2\/types\/product"}],"wp:featuredmedia":[{"embeddable":true,"href":"https:\/\/www.mobile-well.com\/es\/wp-json\/wp\/v2\/media\/119084"}],"wp:attachment":[{"href":"https:\/\/www.mobile-well.com\/es\/wp-json\/wp\/v2\/media?parent=119073"}],"wp:term":[{"taxonomy":"product_brand","embeddable":true,"href":"https:\/\/www.mobile-well.com\/es\/wp-json\/wp\/v2\/product_brand?post=119073"},{"taxonomy":"product_cat","embeddable":true,"href":"https:\/\/www.mobile-well.com\/es\/wp-json\/wp\/v2\/product_cat?post=119073"},{"taxonomy":"product_tag","embeddable":true,"href":"https:\/\/www.mobile-well.com\/es\/wp-json\/wp\/v2\/product_tag?post=119073"}],"curies":[{"name":"wp","href":"https:\/\/api.w.org\/{rel}","templated":true}]}}