{"id":119093,"date":"2024-08-09T14:55:55","date_gmt":"2024-08-09T06:55:55","guid":{"rendered":"https:\/\/www.mobile-well.com\/?post_type=product&#038;p=119093"},"modified":"2024-08-09T14:56:03","modified_gmt":"2024-08-09T06:56:03","slug":"venta-al-por-mayor-de-nuevos-auriculares-estereo-inalambricos-akz-22-con-bluetooth-compatibles-con-radio-con-tarjeta-tf","status":"publish","type":"product","link":"https:\/\/www.mobile-well.com\/es\/producto\/venta-al-por-mayor-de-nuevos-auriculares-estereo-inalambricos-akz-22-con-bluetooth-compatibles-con-radio-con-tarjeta-tf\/","title":{"rendered":"Venta al por mayor de nuevos auriculares est\u00e9reo inal\u00e1mbricos AKZ-22 con Bluetooth, compatibles con radio con tarjeta TF"},"content":{"rendered":"","protected":false},"excerpt":{"rendered":"<ul>\n<li>N.\u00ba de producto: P2307-A7<\/li>\n<li>Versi\u00f3n BT: BT V5.3+EDR<\/li>\n<li>Distancia de transmisi\u00f3n: 10 metros<\/li>\n<li>Tiempo de uso: aproximadamente 5 h<\/li>\n<li>Tiempo en espera: 22 h<\/li>\n<li>Bater\u00eda: bater\u00eda de pol\u00edmero recargable de 200 mAh<\/li>\n<li>Peso del producto: 208 g<\/li>\n<li>Tama\u00f1o del embalaje: 18 x 5 x 19,5 cm<\/li>\n<\/ul>\n","protected":false},"featured_media":119102,"template":"","meta":[],"product_brand":[],"product_cat":[3016],"product_tag":[10264,10263,10262],"class_list":{"0":"post-119093","1":"product","2":"type-product","3":"status-publish","4":"has-post-thumbnail","6":"product_cat-auriculares-bluetooth","7":"product_tag-compatibles-con-radio-con-tarjeta-tf","8":"product_tag-estereo-inalambricos-akz-22-con-bluetooth","9":"product_tag-venta-al-por-mayor-de-nuevos-auriculares","11":"first","12":"instock","13":"shipping-taxable","14":"product-type-simple"},"jetpack_sharing_enabled":true,"_links":{"self":[{"href":"https:\/\/www.mobile-well.com\/es\/wp-json\/wp\/v2\/product\/119093","targetHints":{"allow":["GET"]}}],"collection":[{"href":"https:\/\/www.mobile-well.com\/es\/wp-json\/wp\/v2\/product"}],"about":[{"href":"https:\/\/www.mobile-well.com\/es\/wp-json\/wp\/v2\/types\/product"}],"wp:featuredmedia":[{"embeddable":true,"href":"https:\/\/www.mobile-well.com\/es\/wp-json\/wp\/v2\/media\/119102"}],"wp:attachment":[{"href":"https:\/\/www.mobile-well.com\/es\/wp-json\/wp\/v2\/media?parent=119093"}],"wp:term":[{"taxonomy":"product_brand","embeddable":true,"href":"https:\/\/www.mobile-well.com\/es\/wp-json\/wp\/v2\/product_brand?post=119093"},{"taxonomy":"product_cat","embeddable":true,"href":"https:\/\/www.mobile-well.com\/es\/wp-json\/wp\/v2\/product_cat?post=119093"},{"taxonomy":"product_tag","embeddable":true,"href":"https:\/\/www.mobile-well.com\/es\/wp-json\/wp\/v2\/product_tag?post=119093"}],"curies":[{"name":"wp","href":"https:\/\/api.w.org\/{rel}","templated":true}]}}