{"id":119111,"date":"2024-08-09T15:04:25","date_gmt":"2024-08-09T07:04:25","guid":{"rendered":"https:\/\/www.mobile-well.com\/?post_type=product&#038;p=119111"},"modified":"2024-08-09T15:04:32","modified_gmt":"2024-08-09T07:04:32","slug":"auriculares-estereo-bluetooth-akz-28-de-alta-calidad","status":"publish","type":"product","link":"https:\/\/www.mobile-well.com\/es\/producto\/auriculares-estereo-bluetooth-akz-28-de-alta-calidad\/","title":{"rendered":"Auriculares est\u00e9reo Bluetooth AKZ-28 de alta calidad"},"content":{"rendered":"","protected":false},"excerpt":{"rendered":"<ul>\n<li>N.\u00ba de producto: P2307-A3<\/li>\n<li>Versi\u00f3n BT: BT V5.3+EDR<\/li>\n<li>Distancia de transmisi\u00f3n: 10 metros<\/li>\n<li>Tiempo de uso: aproximadamente 5 horas<\/li>\n<li>Tiempo en espera: 22 horas<\/li>\n<li>Bater\u00eda: bater\u00eda de pol\u00edmero recargable de 200 mAh<\/li>\n<li>Peso del producto: 195 g<\/li>\n<li>Tama\u00f1o del embalaje: 16,8 x 7,6 x 19,5 cm<\/li>\n<\/ul>\n","protected":false},"featured_media":119122,"template":"","meta":[],"product_brand":[],"product_cat":[3016],"product_tag":[1509],"class_list":{"0":"post-119111","1":"product","2":"type-product","3":"status-publish","4":"has-post-thumbnail","6":"product_cat-auriculares-bluetooth","7":"product_tag-auriculares-estereo-bluetooth","9":"first","10":"instock","11":"shipping-taxable","12":"product-type-simple"},"jetpack_sharing_enabled":true,"_links":{"self":[{"href":"https:\/\/www.mobile-well.com\/es\/wp-json\/wp\/v2\/product\/119111","targetHints":{"allow":["GET"]}}],"collection":[{"href":"https:\/\/www.mobile-well.com\/es\/wp-json\/wp\/v2\/product"}],"about":[{"href":"https:\/\/www.mobile-well.com\/es\/wp-json\/wp\/v2\/types\/product"}],"wp:featuredmedia":[{"embeddable":true,"href":"https:\/\/www.mobile-well.com\/es\/wp-json\/wp\/v2\/media\/119122"}],"wp:attachment":[{"href":"https:\/\/www.mobile-well.com\/es\/wp-json\/wp\/v2\/media?parent=119111"}],"wp:term":[{"taxonomy":"product_brand","embeddable":true,"href":"https:\/\/www.mobile-well.com\/es\/wp-json\/wp\/v2\/product_brand?post=119111"},{"taxonomy":"product_cat","embeddable":true,"href":"https:\/\/www.mobile-well.com\/es\/wp-json\/wp\/v2\/product_cat?post=119111"},{"taxonomy":"product_tag","embeddable":true,"href":"https:\/\/www.mobile-well.com\/es\/wp-json\/wp\/v2\/product_tag?post=119111"}],"curies":[{"name":"wp","href":"https:\/\/api.w.org\/{rel}","templated":true}]}}