{"id":119160,"date":"2024-08-09T16:15:32","date_gmt":"2024-08-09T08:15:32","guid":{"rendered":"https:\/\/www.mobile-well.com\/?post_type=product&#038;p=119160"},"modified":"2024-08-09T16:15:40","modified_gmt":"2024-08-09T08:15:40","slug":"venta-al-por-mayor-somostel-auriculares-inalambricos-bluetooth-bt-v5-3edr-precio-de-fabrica","status":"publish","type":"product","link":"https:\/\/www.mobile-well.com\/es\/producto\/venta-al-por-mayor-somostel-auriculares-inalambricos-bluetooth-bt-v5-3edr-precio-de-fabrica\/","title":{"rendered":"Venta al por mayor Somostel, auriculares inal\u00e1mbricos Bluetooth BT V5.3+EDR, precio de f\u00e1brica"},"content":{"rendered":"","protected":false},"excerpt":{"rendered":"<ul>\n<li>N.\u00ba de producto: P2307-A9<\/li>\n<li>Versi\u00f3n BT: BT V5.3+EDR<\/li>\n<li>Distancia de transmisi\u00f3n: 10 metros<\/li>\n<li>Tiempo de uso: aproximadamente 5 horas<\/li>\n<li>Tiempo en espera: aproximadamente 15 horas<\/li>\n<li>Bater\u00eda: bater\u00eda de pol\u00edmero recargable de 200 mAh<\/li>\n<li>Peso del producto: 170 g<\/li>\n<li>Tama\u00f1o del embalaje: 15,5 x 19 x 4,3 cm<\/li>\n<\/ul>\n","protected":false},"featured_media":119170,"template":"","meta":[],"product_brand":[],"product_cat":[3016],"product_tag":[10260,10171,10268],"class_list":{"0":"post-119160","1":"product","2":"type-product","3":"status-publish","4":"has-post-thumbnail","6":"product_cat-auriculares-bluetooth","7":"product_tag-auriculares-inalambricos-bluetooth-bt-v5-3edr","8":"product_tag-precio-de-fabrica","9":"product_tag-venta-al-por-mayor-somostel","11":"first","12":"instock","13":"shipping-taxable","14":"product-type-simple"},"jetpack_sharing_enabled":true,"_links":{"self":[{"href":"https:\/\/www.mobile-well.com\/es\/wp-json\/wp\/v2\/product\/119160","targetHints":{"allow":["GET"]}}],"collection":[{"href":"https:\/\/www.mobile-well.com\/es\/wp-json\/wp\/v2\/product"}],"about":[{"href":"https:\/\/www.mobile-well.com\/es\/wp-json\/wp\/v2\/types\/product"}],"wp:featuredmedia":[{"embeddable":true,"href":"https:\/\/www.mobile-well.com\/es\/wp-json\/wp\/v2\/media\/119170"}],"wp:attachment":[{"href":"https:\/\/www.mobile-well.com\/es\/wp-json\/wp\/v2\/media?parent=119160"}],"wp:term":[{"taxonomy":"product_brand","embeddable":true,"href":"https:\/\/www.mobile-well.com\/es\/wp-json\/wp\/v2\/product_brand?post=119160"},{"taxonomy":"product_cat","embeddable":true,"href":"https:\/\/www.mobile-well.com\/es\/wp-json\/wp\/v2\/product_cat?post=119160"},{"taxonomy":"product_tag","embeddable":true,"href":"https:\/\/www.mobile-well.com\/es\/wp-json\/wp\/v2\/product_tag?post=119160"}],"curies":[{"name":"wp","href":"https:\/\/api.w.org\/{rel}","templated":true}]}}