{"id":119189,"date":"2024-08-09T16:29:32","date_gmt":"2024-08-09T08:29:32","guid":{"rendered":"https:\/\/www.mobile-well.com\/?post_type=product&#038;p=119189"},"modified":"2024-08-09T16:29:43","modified_gmt":"2024-08-09T08:29:43","slug":"mini-altavoz-estereo-portatil-con-bluetooth-a-precio-de-fabrica-con-cordon","status":"publish","type":"product","link":"https:\/\/www.mobile-well.com\/es\/producto\/mini-altavoz-estereo-portatil-con-bluetooth-a-precio-de-fabrica-con-cordon\/","title":{"rendered":"Mini altavoz est\u00e9reo port\u00e1til con Bluetooth a precio de f\u00e1brica con cord\u00f3n"},"content":{"rendered":"","protected":false},"excerpt":{"rendered":"<ul>\n<li>N.\u00ba de producto: P2307-A10<\/li>\n<li>Tama\u00f1o del altavoz: 42,5 W, 52 mm<\/li>\n<li>Color: morado, verde claro, rojo, azul, camuflaje, negro<\/li>\n<li>Capacidad de la bater\u00eda: 500 mAH<\/li>\n<li>Versi\u00f3n de Bluetooth: 5.3 Conexi\u00f3n de par 1+1<\/li>\n<li>Distancia de transmisi\u00f3n: 10 metros<\/li>\n<li>Tiempo de reproducci\u00f3n: 2-6 h<\/li>\n<li>Peso neto del producto: 216,59<\/li>\n<li>Peso bruto del producto: 269 g<\/li>\n<li>Tama\u00f1o del producto: 95 x 43 x 75 mm<\/li>\n<li>Tama\u00f1o de la caja de color: 125 x 46 x 106 mm<\/li>\n<\/ul>\n","protected":false},"featured_media":119200,"template":"","meta":[],"product_brand":[],"product_cat":[310],"product_tag":[10271,10270],"class_list":{"0":"post-119189","1":"product","2":"type-product","3":"status-publish","4":"has-post-thumbnail","6":"product_cat-parlantes","7":"product_tag-bluetooth-a-precio-de-fabrica-con-cordon","8":"product_tag-mini-altavoz-estereo-portatil","10":"first","11":"instock","12":"shipping-taxable","13":"product-type-simple"},"jetpack_sharing_enabled":true,"_links":{"self":[{"href":"https:\/\/www.mobile-well.com\/es\/wp-json\/wp\/v2\/product\/119189","targetHints":{"allow":["GET"]}}],"collection":[{"href":"https:\/\/www.mobile-well.com\/es\/wp-json\/wp\/v2\/product"}],"about":[{"href":"https:\/\/www.mobile-well.com\/es\/wp-json\/wp\/v2\/types\/product"}],"wp:featuredmedia":[{"embeddable":true,"href":"https:\/\/www.mobile-well.com\/es\/wp-json\/wp\/v2\/media\/119200"}],"wp:attachment":[{"href":"https:\/\/www.mobile-well.com\/es\/wp-json\/wp\/v2\/media?parent=119189"}],"wp:term":[{"taxonomy":"product_brand","embeddable":true,"href":"https:\/\/www.mobile-well.com\/es\/wp-json\/wp\/v2\/product_brand?post=119189"},{"taxonomy":"product_cat","embeddable":true,"href":"https:\/\/www.mobile-well.com\/es\/wp-json\/wp\/v2\/product_cat?post=119189"},{"taxonomy":"product_tag","embeddable":true,"href":"https:\/\/www.mobile-well.com\/es\/wp-json\/wp\/v2\/product_tag?post=119189"}],"curies":[{"name":"wp","href":"https:\/\/api.w.org\/{rel}","templated":true}]}}