{"id":119225,"date":"2024-08-16T17:09:06","date_gmt":"2024-08-16T09:09:06","guid":{"rendered":"https:\/\/www.mobile-well.com\/?post_type=product&#038;p=119225"},"modified":"2024-08-16T17:09:28","modified_gmt":"2024-08-16T09:09:28","slug":"cargador-estandar-brasileno-pd-20w-de-venta-directa-de-fabrica","status":"publish","type":"product","link":"https:\/\/www.mobile-well.com\/es\/producto\/cargador-estandar-brasileno-pd-20w-de-venta-directa-de-fabrica\/","title":{"rendered":"Cargador est\u00e1ndar brasile\u00f1o PD 20W de venta directa de f\u00e1brica"},"content":{"rendered":"","protected":false},"excerpt":{"rendered":"<ul>\n<li>Entrada: AC 100-240V<\/li>\n<li>Frecuencia:50\/60Hz<\/li>\n<li>Corriente:0. 5A<\/li>\n<li>Salida USB-C:5V=3A 9V=2.22A 12V=1 .67A<\/li>\n<li>Tasa de potencia: 20W<\/li>\n<li>Color:.Blanco<\/li>\n<li>N.W del producto: 46 6g<\/li>\n<\/ul>\n","protected":false},"featured_media":119230,"template":"","meta":[],"product_brand":[],"product_cat":[76],"product_tag":[10286,10287],"class_list":{"0":"post-119225","1":"product","2":"type-product","3":"status-publish","4":"has-post-thumbnail","6":"product_cat-cargadores","7":"product_tag-cargador-estandar-brasileno","8":"product_tag-pd-20w-de-venta-directa-de-fabrica","10":"first","11":"instock","12":"shipping-taxable","13":"product-type-simple"},"jetpack_sharing_enabled":true,"_links":{"self":[{"href":"https:\/\/www.mobile-well.com\/es\/wp-json\/wp\/v2\/product\/119225","targetHints":{"allow":["GET"]}}],"collection":[{"href":"https:\/\/www.mobile-well.com\/es\/wp-json\/wp\/v2\/product"}],"about":[{"href":"https:\/\/www.mobile-well.com\/es\/wp-json\/wp\/v2\/types\/product"}],"wp:featuredmedia":[{"embeddable":true,"href":"https:\/\/www.mobile-well.com\/es\/wp-json\/wp\/v2\/media\/119230"}],"wp:attachment":[{"href":"https:\/\/www.mobile-well.com\/es\/wp-json\/wp\/v2\/media?parent=119225"}],"wp:term":[{"taxonomy":"product_brand","embeddable":true,"href":"https:\/\/www.mobile-well.com\/es\/wp-json\/wp\/v2\/product_brand?post=119225"},{"taxonomy":"product_cat","embeddable":true,"href":"https:\/\/www.mobile-well.com\/es\/wp-json\/wp\/v2\/product_cat?post=119225"},{"taxonomy":"product_tag","embeddable":true,"href":"https:\/\/www.mobile-well.com\/es\/wp-json\/wp\/v2\/product_tag?post=119225"}],"curies":[{"name":"wp","href":"https:\/\/api.w.org\/{rel}","templated":true}]}}