{"id":119294,"date":"2024-10-24T11:39:34","date_gmt":"2024-10-24T03:39:34","guid":{"rendered":"https:\/\/www.mobile-well.com\/?post_type=product&#038;p=119294"},"modified":"2024-10-24T11:39:43","modified_gmt":"2024-10-24T03:39:43","slug":"maquina-cortadora-de-pelicula-inteligente-brillante-somostel-sms-fc11-para-la-parte-frontal-del-telefono-movil-negro-tabletas-relojes-peliculas-de-camaras-etc","status":"publish","type":"product","link":"https:\/\/www.mobile-well.com\/es\/producto\/maquina-cortadora-de-pelicula-inteligente-brillante-somostel-sms-fc11-para-la-parte-frontal-del-telefono-movil-negro-tabletas-relojes-peliculas-de-camaras-etc\/","title":{"rendered":"M\u00e1quina cortadora de pel\u00edcula inteligente brillante SOMOSTEL SMS-FC11 para la parte frontal del tel\u00e9fono m\u00f3vil\/negro\/tabletas, relojes\/pel\u00edculas de c\u00e1maras, etc."},"content":{"rendered":"","protected":false},"excerpt":{"rendered":"<ul>\n<li>Modelo: SMS-FC11<\/li>\n<li>Nombre: Maquina cortadora de pelicula inteligente con WIFI<\/li>\n<li>Tamano de la maquina: 600* 180* 168 mm<\/li>\n<li>Presi6n maxima de corte: 1000 g<\/li>\n<li>Velocidad de corte: ilimitada<\/li>\n<\/ul>\n","protected":false},"featured_media":119297,"template":"","meta":[],"product_brand":[],"product_cat":[467],"product_tag":[10302],"class_list":{"0":"post-119294","1":"product","2":"type-product","3":"status-publish","4":"has-post-thumbnail","6":"product_cat-gadgets-2","7":"product_tag-maquina-cortadora-de-pelicula","9":"first","10":"instock","11":"shipping-taxable","12":"product-type-simple"},"jetpack_sharing_enabled":true,"_links":{"self":[{"href":"https:\/\/www.mobile-well.com\/es\/wp-json\/wp\/v2\/product\/119294","targetHints":{"allow":["GET"]}}],"collection":[{"href":"https:\/\/www.mobile-well.com\/es\/wp-json\/wp\/v2\/product"}],"about":[{"href":"https:\/\/www.mobile-well.com\/es\/wp-json\/wp\/v2\/types\/product"}],"wp:featuredmedia":[{"embeddable":true,"href":"https:\/\/www.mobile-well.com\/es\/wp-json\/wp\/v2\/media\/119297"}],"wp:attachment":[{"href":"https:\/\/www.mobile-well.com\/es\/wp-json\/wp\/v2\/media?parent=119294"}],"wp:term":[{"taxonomy":"product_brand","embeddable":true,"href":"https:\/\/www.mobile-well.com\/es\/wp-json\/wp\/v2\/product_brand?post=119294"},{"taxonomy":"product_cat","embeddable":true,"href":"https:\/\/www.mobile-well.com\/es\/wp-json\/wp\/v2\/product_cat?post=119294"},{"taxonomy":"product_tag","embeddable":true,"href":"https:\/\/www.mobile-well.com\/es\/wp-json\/wp\/v2\/product_tag?post=119294"}],"curies":[{"name":"wp","href":"https:\/\/api.w.org\/{rel}","templated":true}]}}