{"id":119573,"date":"2024-11-13T16:36:05","date_gmt":"2024-11-13T08:36:05","guid":{"rendered":"https:\/\/www.mobile-well.com\/?post_type=product&#038;p=119573"},"modified":"2024-11-13T16:36:12","modified_gmt":"2024-11-13T08:36:12","slug":"accesorios-para-telefonos-moviles-estuche-para-telefono-movil-2-en-1-de-tpu-y-pc-transparente-con-degradado-de-color","status":"publish","type":"product","link":"https:\/\/www.mobile-well.com\/es\/producto\/accesorios-para-telefonos-moviles-estuche-para-telefono-movil-2-en-1-de-tpu-y-pc-transparente-con-degradado-de-color\/","title":{"rendered":"Accesorios para tel\u00e9fonos m\u00f3viles Estuche para tel\u00e9fono m\u00f3vil 2 en 1 de TPU y PC transparente con degradado de color"},"content":{"rendered":"","protected":false},"excerpt":{"rendered":"<ul>\n<li>N.\u00ba de producto: P2310-A6<\/li>\n<li>Material: TPU+PC<\/li>\n<li>Artesan\u00eda: degradado<\/li>\n<li>Peso m\u00ednimo: 100 piezas\/modelo, 50 piezas\/color<\/li>\n<li>Peso neto del producto: 54,40 g<\/li>\n<\/ul>\n","protected":false},"featured_media":119584,"template":"","meta":[],"product_brand":[],"product_cat":[77],"product_tag":[10155,1315,10340],"class_list":{"0":"post-119573","1":"product","2":"type-product","3":"status-publish","4":"has-post-thumbnail","6":"product_cat-fundas","7":"product_tag-accesorios-para-telefonos-moviles","8":"product_tag-funda-2-en-1-2","9":"product_tag-moviles-estuche-para-telefono-movil-2-en-1","11":"first","12":"instock","13":"shipping-taxable","14":"product-type-simple"},"jetpack_sharing_enabled":true,"_links":{"self":[{"href":"https:\/\/www.mobile-well.com\/es\/wp-json\/wp\/v2\/product\/119573","targetHints":{"allow":["GET"]}}],"collection":[{"href":"https:\/\/www.mobile-well.com\/es\/wp-json\/wp\/v2\/product"}],"about":[{"href":"https:\/\/www.mobile-well.com\/es\/wp-json\/wp\/v2\/types\/product"}],"wp:featuredmedia":[{"embeddable":true,"href":"https:\/\/www.mobile-well.com\/es\/wp-json\/wp\/v2\/media\/119584"}],"wp:attachment":[{"href":"https:\/\/www.mobile-well.com\/es\/wp-json\/wp\/v2\/media?parent=119573"}],"wp:term":[{"taxonomy":"product_brand","embeddable":true,"href":"https:\/\/www.mobile-well.com\/es\/wp-json\/wp\/v2\/product_brand?post=119573"},{"taxonomy":"product_cat","embeddable":true,"href":"https:\/\/www.mobile-well.com\/es\/wp-json\/wp\/v2\/product_cat?post=119573"},{"taxonomy":"product_tag","embeddable":true,"href":"https:\/\/www.mobile-well.com\/es\/wp-json\/wp\/v2\/product_tag?post=119573"}],"curies":[{"name":"wp","href":"https:\/\/api.w.org\/{rel}","templated":true}]}}