{"id":119712,"date":"2024-11-14T14:46:07","date_gmt":"2024-11-14T06:46:07","guid":{"rendered":"https:\/\/www.mobile-well.com\/?post_type=product&#038;p=119712"},"modified":"2024-11-14T14:46:19","modified_gmt":"2024-11-14T06:46:19","slug":"fabrica-directa-3-en-1-tpupc-jelly-color-funda-magnetica-telefono","status":"publish","type":"product","link":"https:\/\/www.mobile-well.com\/es\/producto\/fabrica-directa-3-en-1-tpupc-jelly-color-funda-magnetica-telefono\/","title":{"rendered":"F\u00e1brica Directa 3 En 1 Tpu+Pc Jelly Color Funda Magn\u00e9tica Tel\u00e9fono"},"content":{"rendered":"","protected":false},"excerpt":{"rendered":"<ul>\n<li>Producto NO.:P2310-A11<\/li>\n<li>Material:TPU+PC+Magn\u00e9tico<\/li>\n<li>Artesan\u00eda:PC te\u00f1ido<\/li>\n<li>MOQ:100Pcs\/Modelo,50Pcs\/Color<\/li>\n<li>Peso del producto:76.00g<\/li>\n<\/ul>\n","protected":false},"featured_media":119723,"template":"","meta":[],"product_brand":[],"product_cat":[77],"product_tag":[10351,10350],"class_list":{"0":"post-119712","1":"product","2":"type-product","3":"status-publish","4":"has-post-thumbnail","6":"product_cat-fundas","7":"product_tag-3-en-1-tpupc-jelly-color-funda","8":"product_tag-fabrica-directa","10":"first","11":"instock","12":"shipping-taxable","13":"product-type-simple"},"jetpack_sharing_enabled":true,"_links":{"self":[{"href":"https:\/\/www.mobile-well.com\/es\/wp-json\/wp\/v2\/product\/119712","targetHints":{"allow":["GET"]}}],"collection":[{"href":"https:\/\/www.mobile-well.com\/es\/wp-json\/wp\/v2\/product"}],"about":[{"href":"https:\/\/www.mobile-well.com\/es\/wp-json\/wp\/v2\/types\/product"}],"wp:featuredmedia":[{"embeddable":true,"href":"https:\/\/www.mobile-well.com\/es\/wp-json\/wp\/v2\/media\/119723"}],"wp:attachment":[{"href":"https:\/\/www.mobile-well.com\/es\/wp-json\/wp\/v2\/media?parent=119712"}],"wp:term":[{"taxonomy":"product_brand","embeddable":true,"href":"https:\/\/www.mobile-well.com\/es\/wp-json\/wp\/v2\/product_brand?post=119712"},{"taxonomy":"product_cat","embeddable":true,"href":"https:\/\/www.mobile-well.com\/es\/wp-json\/wp\/v2\/product_cat?post=119712"},{"taxonomy":"product_tag","embeddable":true,"href":"https:\/\/www.mobile-well.com\/es\/wp-json\/wp\/v2\/product_tag?post=119712"}],"curies":[{"name":"wp","href":"https:\/\/api.w.org\/{rel}","templated":true}]}}