{"id":119832,"date":"2024-11-14T15:53:16","date_gmt":"2024-11-14T07:53:16","guid":{"rendered":"https:\/\/www.mobile-well.com\/?post_type=product&#038;p=119832"},"modified":"2024-11-14T15:53:20","modified_gmt":"2024-11-14T07:53:20","slug":"tpu-oiledpc-funda-cuadrangular-2-en-1-a-prueba-de-caidas-para-telefono-movil","status":"publish","type":"product","link":"https:\/\/www.mobile-well.com\/es\/producto\/tpu-oiledpc-funda-cuadrangular-2-en-1-a-prueba-de-caidas-para-telefono-movil\/","title":{"rendered":"Tpu Oiled+Pc Funda cuadrangular 2 en 1 a prueba de ca\u00eddas para tel\u00e9fono m\u00f3vil"},"content":{"rendered":"","protected":false},"excerpt":{"rendered":"<ul>\n<li>Producto NO.:P2310-A8<\/li>\n<li>Material:TPU+PC<\/li>\n<li>Artesan\u00eda:TPU inyecci\u00f3n de aceite<\/li>\n<li>MOQ:100Pcs\/Modelo,50Pcs\/Color<\/li>\n<li>N.W. del producto:56.00g<\/li>\n<\/ul>\n","protected":false},"featured_media":119871,"template":"","meta":[],"product_brand":[],"product_cat":[77],"product_tag":[10360,10359],"class_list":{"0":"post-119832","1":"product","2":"type-product","3":"status-publish","4":"has-post-thumbnail","6":"product_cat-fundas","7":"product_tag-2-en-1-a-prueba-de-caidas-para-telefono-movil","8":"product_tag-tpu-oiledpc-funda","10":"first","11":"instock","12":"shipping-taxable","13":"product-type-simple"},"jetpack_sharing_enabled":true,"_links":{"self":[{"href":"https:\/\/www.mobile-well.com\/es\/wp-json\/wp\/v2\/product\/119832","targetHints":{"allow":["GET"]}}],"collection":[{"href":"https:\/\/www.mobile-well.com\/es\/wp-json\/wp\/v2\/product"}],"about":[{"href":"https:\/\/www.mobile-well.com\/es\/wp-json\/wp\/v2\/types\/product"}],"wp:featuredmedia":[{"embeddable":true,"href":"https:\/\/www.mobile-well.com\/es\/wp-json\/wp\/v2\/media\/119871"}],"wp:attachment":[{"href":"https:\/\/www.mobile-well.com\/es\/wp-json\/wp\/v2\/media?parent=119832"}],"wp:term":[{"taxonomy":"product_brand","embeddable":true,"href":"https:\/\/www.mobile-well.com\/es\/wp-json\/wp\/v2\/product_brand?post=119832"},{"taxonomy":"product_cat","embeddable":true,"href":"https:\/\/www.mobile-well.com\/es\/wp-json\/wp\/v2\/product_cat?post=119832"},{"taxonomy":"product_tag","embeddable":true,"href":"https:\/\/www.mobile-well.com\/es\/wp-json\/wp\/v2\/product_tag?post=119832"}],"curies":[{"name":"wp","href":"https:\/\/api.w.org\/{rel}","templated":true}]}}