{"id":119875,"date":"2024-11-14T15:59:05","date_gmt":"2024-11-14T07:59:05","guid":{"rendered":"https:\/\/www.mobile-well.com\/?post_type=product&#038;p=119875"},"modified":"2024-11-14T15:59:09","modified_gmt":"2024-11-14T07:59:09","slug":"colorido-transparente-tpu-pc-2-en-1-funda-magnetica-del-telefono-a-precio-de-mayorista","status":"publish","type":"product","link":"https:\/\/www.mobile-well.com\/es\/producto\/colorido-transparente-tpu-pc-2-en-1-funda-magnetica-del-telefono-a-precio-de-mayorista\/","title":{"rendered":"Colorido transparente Tpu + PC 2 En 1 Funda magn\u00e9tica del tel\u00e9fono a precio de mayorista"},"content":{"rendered":"","protected":false},"excerpt":{"rendered":"<ul>\n<li>Producto NO.:P2310-A4<\/li>\n<li>Material:TPU+PC<\/li>\n<li>Artesan\u00eda:Moldeo por inyecci\u00f3n + magn\u00e9tico<\/li>\n<li>MOQ:100Pcs\/Modelo,50Pcs\/Color<\/li>\n<li>N.W. del producto:55.60g<\/li>\n<\/ul>\n","protected":false},"featured_media":119878,"template":"","meta":[],"product_brand":[],"product_cat":[77],"product_tag":[10362,10361,10363,10094],"class_list":{"0":"post-119875","1":"product","2":"type-product","3":"status-publish","4":"has-post-thumbnail","6":"product_cat-fundas","7":"product_tag-2-en-1-funda-magnetica","8":"product_tag-colorido-transparente","9":"product_tag-telefono-a-precio-de-mayorista","10":"product_tag-tpu-pc-2-en-1-funda","12":"first","13":"instock","14":"shipping-taxable","15":"product-type-simple"},"jetpack_sharing_enabled":true,"_links":{"self":[{"href":"https:\/\/www.mobile-well.com\/es\/wp-json\/wp\/v2\/product\/119875","targetHints":{"allow":["GET"]}}],"collection":[{"href":"https:\/\/www.mobile-well.com\/es\/wp-json\/wp\/v2\/product"}],"about":[{"href":"https:\/\/www.mobile-well.com\/es\/wp-json\/wp\/v2\/types\/product"}],"wp:featuredmedia":[{"embeddable":true,"href":"https:\/\/www.mobile-well.com\/es\/wp-json\/wp\/v2\/media\/119878"}],"wp:attachment":[{"href":"https:\/\/www.mobile-well.com\/es\/wp-json\/wp\/v2\/media?parent=119875"}],"wp:term":[{"taxonomy":"product_brand","embeddable":true,"href":"https:\/\/www.mobile-well.com\/es\/wp-json\/wp\/v2\/product_brand?post=119875"},{"taxonomy":"product_cat","embeddable":true,"href":"https:\/\/www.mobile-well.com\/es\/wp-json\/wp\/v2\/product_cat?post=119875"},{"taxonomy":"product_tag","embeddable":true,"href":"https:\/\/www.mobile-well.com\/es\/wp-json\/wp\/v2\/product_tag?post=119875"}],"curies":[{"name":"wp","href":"https:\/\/api.w.org\/{rel}","templated":true}]}}