{"id":119982,"date":"2024-12-03T14:05:05","date_gmt":"2024-12-03T06:05:05","guid":{"rendered":"https:\/\/www.mobile-well.com\/?post_type=product&#038;p=119982"},"modified":"2024-12-03T14:06:39","modified_gmt":"2024-12-03T06:06:39","slug":"funda-para-telefono-movil-con-diamantes-de-imitacion-adhesivos-rellena-de-aceite-2-en-1-de-tpu-y-pc-venta-al-por-mayor-de-fabrica","status":"publish","type":"product","link":"https:\/\/www.mobile-well.com\/es\/producto\/funda-para-telefono-movil-con-diamantes-de-imitacion-adhesivos-rellena-de-aceite-2-en-1-de-tpu-y-pc-venta-al-por-mayor-de-fabrica\/","title":{"rendered":"Funda para tel\u00e9fono m\u00f3vil con diamantes de imitaci\u00f3n adhesivos, rellena de aceite, 2 en 1, de TPU y PC, venta al por mayor de f\u00e1brica"},"content":{"rendered":"","protected":false},"excerpt":{"rendered":"<ul>\n<li>N.\u00ba de producto: P1911-A22<\/li>\n<li>Artesan\u00eda: Inyecci\u00f3n de aceite + accesorios + pasta de franela<\/li>\n<li>Material: TPU + PC<\/li>\n<li>Peso m\u00ednimo: 200 piezas\/modelo, 50 piezas\/color<\/li>\n<li>Peso neto del producto: 50,70 g<\/li>\n<\/ul>\n","protected":false},"featured_media":119991,"template":"","meta":[],"product_brand":[],"product_cat":[77],"product_tag":[1315,3838,2773,5761,10087],"class_list":{"0":"post-119982","1":"product","2":"type-product","3":"status-publish","4":"has-post-thumbnail","6":"product_cat-fundas","7":"product_tag-funda-2-en-1-2","8":"product_tag-funda-para-telefono-movil","9":"product_tag-funda-tpupc","10":"product_tag-moq200","11":"product_tag-venta-al-por-mayor-de-fabrica","13":"first","14":"instock","15":"shipping-taxable","16":"product-type-simple"},"jetpack_sharing_enabled":true,"_links":{"self":[{"href":"https:\/\/www.mobile-well.com\/es\/wp-json\/wp\/v2\/product\/119982","targetHints":{"allow":["GET"]}}],"collection":[{"href":"https:\/\/www.mobile-well.com\/es\/wp-json\/wp\/v2\/product"}],"about":[{"href":"https:\/\/www.mobile-well.com\/es\/wp-json\/wp\/v2\/types\/product"}],"wp:featuredmedia":[{"embeddable":true,"href":"https:\/\/www.mobile-well.com\/es\/wp-json\/wp\/v2\/media\/119991"}],"wp:attachment":[{"href":"https:\/\/www.mobile-well.com\/es\/wp-json\/wp\/v2\/media?parent=119982"}],"wp:term":[{"taxonomy":"product_brand","embeddable":true,"href":"https:\/\/www.mobile-well.com\/es\/wp-json\/wp\/v2\/product_brand?post=119982"},{"taxonomy":"product_cat","embeddable":true,"href":"https:\/\/www.mobile-well.com\/es\/wp-json\/wp\/v2\/product_cat?post=119982"},{"taxonomy":"product_tag","embeddable":true,"href":"https:\/\/www.mobile-well.com\/es\/wp-json\/wp\/v2\/product_tag?post=119982"}],"curies":[{"name":"wp","href":"https:\/\/api.w.org\/{rel}","templated":true}]}}