{"id":120051,"date":"2024-12-03T14:26:03","date_gmt":"2024-12-03T06:26:03","guid":{"rendered":"https:\/\/www.mobile-well.com\/?post_type=product&#038;p=120051"},"modified":"2024-12-03T14:26:37","modified_gmt":"2024-12-03T06:26:37","slug":"carcasa-de-telefono-movil-personalizada-tpu-pc-2-en-1-con-pasta-rellena-de-aceite-y-diamantes-de-imitacion","status":"publish","type":"product","link":"https:\/\/www.mobile-well.com\/es\/producto\/carcasa-de-telefono-movil-personalizada-tpu-pc-2-en-1-con-pasta-rellena-de-aceite-y-diamantes-de-imitacion\/","title":{"rendered":"Carcasa de tel\u00e9fono m\u00f3vil personalizada Tpu + PC 2 en 1 con pasta rellena de aceite y diamantes de imitaci\u00f3n"},"content":{"rendered":"","protected":false},"excerpt":{"rendered":"<ul>\n<li>N.\u00ba de producto: P1911-A24<\/li>\n<li>Artesan\u00eda: Inyecci\u00f3n de aceite + accesorios + pasta de franela<\/li>\n<li>Material: TPU + PC<\/li>\n<li>Peso m\u00ednimo: 200 piezas\/modelo, 50 piezas\/color<\/li>\n<li>Peso neto del producto: 46,80 g<\/li>\n<\/ul>\n","protected":false},"featured_media":120066,"template":"","meta":[],"product_brand":[],"product_cat":[77],"product_tag":[10447,10449,10448],"class_list":{"0":"post-120051","1":"product","2":"type-product","3":"status-publish","4":"has-post-thumbnail","6":"product_cat-fundas","7":"product_tag-carcasa-de-telefono-movil-personalizada","8":"product_tag-diamantes-de-imitacion","9":"product_tag-tpu-pc-2-en-1","11":"first","12":"instock","13":"shipping-taxable","14":"product-type-simple"},"jetpack_sharing_enabled":true,"_links":{"self":[{"href":"https:\/\/www.mobile-well.com\/es\/wp-json\/wp\/v2\/product\/120051","targetHints":{"allow":["GET"]}}],"collection":[{"href":"https:\/\/www.mobile-well.com\/es\/wp-json\/wp\/v2\/product"}],"about":[{"href":"https:\/\/www.mobile-well.com\/es\/wp-json\/wp\/v2\/types\/product"}],"wp:featuredmedia":[{"embeddable":true,"href":"https:\/\/www.mobile-well.com\/es\/wp-json\/wp\/v2\/media\/120066"}],"wp:attachment":[{"href":"https:\/\/www.mobile-well.com\/es\/wp-json\/wp\/v2\/media?parent=120051"}],"wp:term":[{"taxonomy":"product_brand","embeddable":true,"href":"https:\/\/www.mobile-well.com\/es\/wp-json\/wp\/v2\/product_brand?post=120051"},{"taxonomy":"product_cat","embeddable":true,"href":"https:\/\/www.mobile-well.com\/es\/wp-json\/wp\/v2\/product_cat?post=120051"},{"taxonomy":"product_tag","embeddable":true,"href":"https:\/\/www.mobile-well.com\/es\/wp-json\/wp\/v2\/product_tag?post=120051"}],"curies":[{"name":"wp","href":"https:\/\/api.w.org\/{rel}","templated":true}]}}