{"id":120083,"date":"2024-12-03T14:34:36","date_gmt":"2024-12-03T06:34:36","guid":{"rendered":"https:\/\/www.mobile-well.com\/?post_type=product&#038;p=120083"},"modified":"2024-12-03T14:35:11","modified_gmt":"2024-12-03T06:35:11","slug":"funda-para-telefono-movil-de-tpu-pc-3-en-1-con-epoxi-tenido-de-tpu-a-prueba-de-agua","status":"publish","type":"product","link":"https:\/\/www.mobile-well.com\/es\/producto\/funda-para-telefono-movil-de-tpu-pc-3-en-1-con-epoxi-tenido-de-tpu-a-prueba-de-agua\/","title":{"rendered":"Funda para tel\u00e9fono m\u00f3vil de TPU + PC 3 en 1 con epoxi te\u00f1ido de TPU a prueba de agua"},"content":{"rendered":"","protected":false},"excerpt":{"rendered":"<ul>\n<li>N.\u00ba de producto: P1911-A14<\/li>\n<li>Artesan\u00eda: te\u00f1ido de TPU + epoxi<\/li>\n<li>Material: PC + TPU<\/li>\n<li>Pedido m\u00ednimo: 200 piezas\/modelo, 50 piezas\/color<\/li>\n<li>Peso neto del producto: 58,00 g<\/li>\n<\/ul>\n","protected":false},"featured_media":120100,"template":"","meta":[],"product_brand":[],"product_cat":[77],"product_tag":[3838,10452,10453],"class_list":{"0":"post-120083","1":"product","2":"type-product","3":"status-publish","4":"has-post-thumbnail","6":"product_cat-fundas","7":"product_tag-funda-para-telefono-movil","8":"product_tag-tpu-pc-3-en-1-con-epoxi-tenido","9":"product_tag-tpu-a-prueba-de-agua","11":"first","12":"instock","13":"shipping-taxable","14":"product-type-simple"},"jetpack_sharing_enabled":true,"_links":{"self":[{"href":"https:\/\/www.mobile-well.com\/es\/wp-json\/wp\/v2\/product\/120083","targetHints":{"allow":["GET"]}}],"collection":[{"href":"https:\/\/www.mobile-well.com\/es\/wp-json\/wp\/v2\/product"}],"about":[{"href":"https:\/\/www.mobile-well.com\/es\/wp-json\/wp\/v2\/types\/product"}],"wp:featuredmedia":[{"embeddable":true,"href":"https:\/\/www.mobile-well.com\/es\/wp-json\/wp\/v2\/media\/120100"}],"wp:attachment":[{"href":"https:\/\/www.mobile-well.com\/es\/wp-json\/wp\/v2\/media?parent=120083"}],"wp:term":[{"taxonomy":"product_brand","embeddable":true,"href":"https:\/\/www.mobile-well.com\/es\/wp-json\/wp\/v2\/product_brand?post=120083"},{"taxonomy":"product_cat","embeddable":true,"href":"https:\/\/www.mobile-well.com\/es\/wp-json\/wp\/v2\/product_cat?post=120083"},{"taxonomy":"product_tag","embeddable":true,"href":"https:\/\/www.mobile-well.com\/es\/wp-json\/wp\/v2\/product_tag?post=120083"}],"curies":[{"name":"wp","href":"https:\/\/api.w.org\/{rel}","templated":true}]}}