{"id":120114,"date":"2024-12-04T16:05:31","date_gmt":"2024-12-04T08:05:31","guid":{"rendered":"https:\/\/www.mobile-well.com\/?post_type=product&#038;p=120114"},"modified":"2024-12-04T16:06:24","modified_gmt":"2024-12-04T08:06:24","slug":"venta-al-por-mayor-funda-de-telefono-movil-a-prueba-de-caidas-tpupc-3-en-1-con-pulsera-funda-transparente","status":"publish","type":"product","link":"https:\/\/www.mobile-well.com\/es\/producto\/venta-al-por-mayor-funda-de-telefono-movil-a-prueba-de-caidas-tpupc-3-en-1-con-pulsera-funda-transparente\/","title":{"rendered":"Venta al por mayor Funda de tel\u00e9fono m\u00f3vil a prueba de ca\u00eddas Tpu+Pc 3 en 1 con pulsera Funda transparente"},"content":{"rendered":"","protected":false},"excerpt":{"rendered":"<ul>\n<li>N.\u00ba de producto: P1911&#8211;A15<\/li>\n<li>Artesan\u00eda: Epoxi pintado + cadena<\/li>\n<li>Material: PC + TPU<\/li>\n<li>Pedido m\u00ednimo: 200 piezas\/modelo, 50 piezas\/color<\/li>\n<li>Peso neto del producto: 67,90 g<\/li>\n<\/ul>\n","protected":false},"featured_media":120121,"template":"","meta":[],"product_brand":[],"product_cat":[77],"product_tag":[10469,10468],"class_list":{"0":"post-120114","1":"product","2":"type-product","3":"status-publish","4":"has-post-thumbnail","6":"product_cat-fundas","7":"product_tag-3-en-1-con-pulsera-funda-transparente","8":"product_tag-venta-al-por-mayor-funda","10":"first","11":"instock","12":"shipping-taxable","13":"product-type-simple"},"jetpack_sharing_enabled":true,"_links":{"self":[{"href":"https:\/\/www.mobile-well.com\/es\/wp-json\/wp\/v2\/product\/120114","targetHints":{"allow":["GET"]}}],"collection":[{"href":"https:\/\/www.mobile-well.com\/es\/wp-json\/wp\/v2\/product"}],"about":[{"href":"https:\/\/www.mobile-well.com\/es\/wp-json\/wp\/v2\/types\/product"}],"wp:featuredmedia":[{"embeddable":true,"href":"https:\/\/www.mobile-well.com\/es\/wp-json\/wp\/v2\/media\/120121"}],"wp:attachment":[{"href":"https:\/\/www.mobile-well.com\/es\/wp-json\/wp\/v2\/media?parent=120114"}],"wp:term":[{"taxonomy":"product_brand","embeddable":true,"href":"https:\/\/www.mobile-well.com\/es\/wp-json\/wp\/v2\/product_brand?post=120114"},{"taxonomy":"product_cat","embeddable":true,"href":"https:\/\/www.mobile-well.com\/es\/wp-json\/wp\/v2\/product_cat?post=120114"},{"taxonomy":"product_tag","embeddable":true,"href":"https:\/\/www.mobile-well.com\/es\/wp-json\/wp\/v2\/product_tag?post=120114"}],"curies":[{"name":"wp","href":"https:\/\/api.w.org\/{rel}","templated":true}]}}