{"id":120297,"date":"2024-12-04T17:15:31","date_gmt":"2024-12-04T09:15:31","guid":{"rendered":"https:\/\/www.mobile-well.com\/?post_type=product&#038;p=120297"},"modified":"2024-12-04T17:15:51","modified_gmt":"2024-12-04T09:15:51","slug":"precio-bajo-tpu-flexible-pc-3-en-1-telefono-movil-funda-protectora-con-soporte-elastico","status":"publish","type":"product","link":"https:\/\/www.mobile-well.com\/es\/producto\/precio-bajo-tpu-flexible-pc-3-en-1-telefono-movil-funda-protectora-con-soporte-elastico\/","title":{"rendered":"Precio Bajo Tpu Flexible + PC 3 En 1 Tel\u00e9fono M\u00f3vil Funda Protectora Con Soporte El\u00e1stico"},"content":{"rendered":"","protected":false},"excerpt":{"rendered":"<ul>\n<li>N.\u00ba de producto: P1911-A1<\/li>\n<li>Artesan\u00eda: Epoxi pintado + pop socket<\/li>\n<li>Material: PC + TPU<\/li>\n<li>Cantidad m\u00ednima de pedido: 200 piezas\/modelo, 50 piezas\/color<\/li>\n<li>Peso neto del producto: 65,80 g<\/li>\n<\/ul>\n","protected":false},"featured_media":120312,"template":"","meta":[],"product_brand":[],"product_cat":[77],"product_tag":[10477,10476,10478],"class_list":{"0":"post-120297","1":"product","2":"type-product","3":"status-publish","4":"has-post-thumbnail","6":"product_cat-fundas","7":"product_tag-3-en-1-telefono-movil-funda-protectora","8":"product_tag-precio-bajo","9":"product_tag-soporte-elastico","11":"first","12":"instock","13":"shipping-taxable","14":"product-type-simple"},"jetpack_sharing_enabled":true,"_links":{"self":[{"href":"https:\/\/www.mobile-well.com\/es\/wp-json\/wp\/v2\/product\/120297","targetHints":{"allow":["GET"]}}],"collection":[{"href":"https:\/\/www.mobile-well.com\/es\/wp-json\/wp\/v2\/product"}],"about":[{"href":"https:\/\/www.mobile-well.com\/es\/wp-json\/wp\/v2\/types\/product"}],"wp:featuredmedia":[{"embeddable":true,"href":"https:\/\/www.mobile-well.com\/es\/wp-json\/wp\/v2\/media\/120312"}],"wp:attachment":[{"href":"https:\/\/www.mobile-well.com\/es\/wp-json\/wp\/v2\/media?parent=120297"}],"wp:term":[{"taxonomy":"product_brand","embeddable":true,"href":"https:\/\/www.mobile-well.com\/es\/wp-json\/wp\/v2\/product_brand?post=120297"},{"taxonomy":"product_cat","embeddable":true,"href":"https:\/\/www.mobile-well.com\/es\/wp-json\/wp\/v2\/product_cat?post=120297"},{"taxonomy":"product_tag","embeddable":true,"href":"https:\/\/www.mobile-well.com\/es\/wp-json\/wp\/v2\/product_tag?post=120297"}],"curies":[{"name":"wp","href":"https:\/\/api.w.org\/{rel}","templated":true}]}}