{"id":120452,"date":"2024-12-06T16:42:16","date_gmt":"2024-12-06T08:42:16","guid":{"rendered":"https:\/\/www.mobile-well.com\/?post_type=product&#038;p=120452"},"modified":"2024-12-06T16:42:27","modified_gmt":"2024-12-06T08:42:27","slug":"precio-de-fabrica-auriculares-inalambricos-estereo-portatiles-tws-ear-clip","status":"publish","type":"product","link":"https:\/\/www.mobile-well.com\/es\/producto\/precio-de-fabrica-auriculares-inalambricos-estereo-portatiles-tws-ear-clip\/","title":{"rendered":"Precio de f\u00e1brica Auriculares inal\u00e1mbricos est\u00e9reo port\u00e1tiles TWS Ear Clip"},"content":{"rendered":"","protected":false},"excerpt":{"rendered":"<ul>\n<li>Producto NO.:P1911-A2<\/li>\n<li>Color:Negro<\/li>\n<li>MOQ:200pcs<\/li>\n<li>Bater\u00eda del auricular: 30mAh<\/li>\n<li>Bater\u00eda del compartimento: 150mAh<\/li>\n<li>Bater\u00eda con placa de protecci\u00f3n de litio<\/li>\n<li>Altavoz: F13<\/li>\n<\/ul>\n","protected":false},"featured_media":120463,"template":"","meta":[],"product_brand":[],"product_cat":[3017],"product_tag":[10500,10499],"class_list":{"0":"post-120452","1":"product","2":"type-product","3":"status-publish","4":"has-post-thumbnail","6":"product_cat-auriculares","7":"product_tag-portatiles-tws-ear-clip","8":"product_tag-precio-de-fabrica-auriculares-inalambricos","10":"first","11":"instock","12":"shipping-taxable","13":"product-type-simple"},"jetpack_sharing_enabled":true,"_links":{"self":[{"href":"https:\/\/www.mobile-well.com\/es\/wp-json\/wp\/v2\/product\/120452","targetHints":{"allow":["GET"]}}],"collection":[{"href":"https:\/\/www.mobile-well.com\/es\/wp-json\/wp\/v2\/product"}],"about":[{"href":"https:\/\/www.mobile-well.com\/es\/wp-json\/wp\/v2\/types\/product"}],"wp:featuredmedia":[{"embeddable":true,"href":"https:\/\/www.mobile-well.com\/es\/wp-json\/wp\/v2\/media\/120463"}],"wp:attachment":[{"href":"https:\/\/www.mobile-well.com\/es\/wp-json\/wp\/v2\/media?parent=120452"}],"wp:term":[{"taxonomy":"product_brand","embeddable":true,"href":"https:\/\/www.mobile-well.com\/es\/wp-json\/wp\/v2\/product_brand?post=120452"},{"taxonomy":"product_cat","embeddable":true,"href":"https:\/\/www.mobile-well.com\/es\/wp-json\/wp\/v2\/product_cat?post=120452"},{"taxonomy":"product_tag","embeddable":true,"href":"https:\/\/www.mobile-well.com\/es\/wp-json\/wp\/v2\/product_tag?post=120452"}],"curies":[{"name":"wp","href":"https:\/\/api.w.org\/{rel}","templated":true}]}}