{"id":120537,"date":"2024-12-06T17:00:58","date_gmt":"2024-12-06T09:00:58","guid":{"rendered":"https:\/\/www.mobile-well.com\/?post_type=product&#038;p=120537"},"modified":"2024-12-06T17:03:07","modified_gmt":"2024-12-06T09:03:07","slug":"panel-de-luz-led-de-10-pulgadas-con-luz-calida-y-blanca-para-video-foto","status":"publish","type":"product","link":"https:\/\/www.mobile-well.com\/es\/producto\/panel-de-luz-led-de-10-pulgadas-con-luz-calida-y-blanca-para-video-foto\/","title":{"rendered":"Panel De Luz Led De 10 Pulgadas Con Luz C\u00e1lida Y Blanca Para V\u00eddeo\/Foto"},"content":{"rendered":"","protected":false},"excerpt":{"rendered":"<ul>\n<li>Producto NO.:P1911-A28<\/li>\n<li>MOQ:40pcs<\/li>\n<li>Accesorios: Cuerpo de la l\u00e1mpara + cabeza<\/li>\n<li>N\u00famero de perlas de la l\u00e1mpara: 192 perlas de la l\u00e1mpara<\/li>\n<li>Potencia: 15W<\/li>\n<li>Potencia de salida: 5V 2A<\/li>\n<li>Temperatura de color: 3200K-6500K<\/li>\n<li>Tama\u00f1o de la caja: 54X52X36.5<\/li>\n<\/ul>\n","protected":false},"featured_media":120544,"template":"","meta":[],"product_brand":[],"product_cat":[69],"product_tag":[10507,10506],"class_list":{"0":"post-120537","1":"product","2":"type-product","3":"status-publish","4":"has-post-thumbnail","6":"product_cat-accesorios","7":"product_tag-luz-calida-y-blanca-para-video-foto","8":"product_tag-panel-de-luz-led-de-10-pulgadas","10":"first","11":"instock","12":"shipping-taxable","13":"product-type-simple"},"jetpack_sharing_enabled":true,"_links":{"self":[{"href":"https:\/\/www.mobile-well.com\/es\/wp-json\/wp\/v2\/product\/120537","targetHints":{"allow":["GET"]}}],"collection":[{"href":"https:\/\/www.mobile-well.com\/es\/wp-json\/wp\/v2\/product"}],"about":[{"href":"https:\/\/www.mobile-well.com\/es\/wp-json\/wp\/v2\/types\/product"}],"wp:featuredmedia":[{"embeddable":true,"href":"https:\/\/www.mobile-well.com\/es\/wp-json\/wp\/v2\/media\/120544"}],"wp:attachment":[{"href":"https:\/\/www.mobile-well.com\/es\/wp-json\/wp\/v2\/media?parent=120537"}],"wp:term":[{"taxonomy":"product_brand","embeddable":true,"href":"https:\/\/www.mobile-well.com\/es\/wp-json\/wp\/v2\/product_brand?post=120537"},{"taxonomy":"product_cat","embeddable":true,"href":"https:\/\/www.mobile-well.com\/es\/wp-json\/wp\/v2\/product_cat?post=120537"},{"taxonomy":"product_tag","embeddable":true,"href":"https:\/\/www.mobile-well.com\/es\/wp-json\/wp\/v2\/product_tag?post=120537"}],"curies":[{"name":"wp","href":"https:\/\/api.w.org\/{rel}","templated":true}]}}