{"id":120595,"date":"2024-12-30T15:37:15","date_gmt":"2024-12-30T07:37:15","guid":{"rendered":"https:\/\/www.mobile-well.com\/?post_type=product&#038;p=120595"},"modified":"2024-12-30T15:37:39","modified_gmt":"2024-12-30T07:37:39","slug":"cargador-rapido-portatil-de-doble-puerto-ac-de-20-w-con-certificacion-etl-ul","status":"publish","type":"product","link":"https:\/\/www.mobile-well.com\/es\/producto\/cargador-rapido-portatil-de-doble-puerto-ac-de-20-w-con-certificacion-etl-ul\/","title":{"rendered":"Cargador R\u00e1pido Port\u00e1til De Doble Puerto A+C De 20 W Con Certificaci\u00f3n Etl Ul"},"content":{"rendered":"","protected":false},"excerpt":{"rendered":"<ul>\n<li>N.\u00ba de producto: P1112-A14<\/li>\n<li>Entrada: 100-240 V 50\/60 Hz 0,5 A<\/li>\n<li>Salida USB-C: 5 V 3 A, 9 V 2,22 12 V 1,67 A<\/li>\n<li>USB-A: 5 V 3 A 9 V 2 A 12 V 1,5 A<\/li>\n<li>USB-A+USB-C: 5 V 3 A<\/li>\n<li>Peso neto del producto: 43,50 g<\/li>\n<li>Pedido m\u00ednimo: 3000 unidades<\/li>\n<\/ul>\n","protected":false},"featured_media":120596,"template":"","meta":[],"product_brand":[],"product_cat":[76],"product_tag":[7233,10541,10545],"class_list":{"0":"post-120595","1":"product","2":"type-product","3":"status-publish","4":"has-post-thumbnail","6":"product_cat-cargadores","7":"product_tag-cargador-rapido-portatil","8":"product_tag-certificacion-etl-ul","9":"product_tag-de-doble-puerto-ac-de-20-w","11":"first","12":"instock","13":"shipping-taxable","14":"product-type-simple"},"jetpack_sharing_enabled":true,"_links":{"self":[{"href":"https:\/\/www.mobile-well.com\/es\/wp-json\/wp\/v2\/product\/120595","targetHints":{"allow":["GET"]}}],"collection":[{"href":"https:\/\/www.mobile-well.com\/es\/wp-json\/wp\/v2\/product"}],"about":[{"href":"https:\/\/www.mobile-well.com\/es\/wp-json\/wp\/v2\/types\/product"}],"wp:featuredmedia":[{"embeddable":true,"href":"https:\/\/www.mobile-well.com\/es\/wp-json\/wp\/v2\/media\/120596"}],"wp:attachment":[{"href":"https:\/\/www.mobile-well.com\/es\/wp-json\/wp\/v2\/media?parent=120595"}],"wp:term":[{"taxonomy":"product_brand","embeddable":true,"href":"https:\/\/www.mobile-well.com\/es\/wp-json\/wp\/v2\/product_brand?post=120595"},{"taxonomy":"product_cat","embeddable":true,"href":"https:\/\/www.mobile-well.com\/es\/wp-json\/wp\/v2\/product_cat?post=120595"},{"taxonomy":"product_tag","embeddable":true,"href":"https:\/\/www.mobile-well.com\/es\/wp-json\/wp\/v2\/product_tag?post=120595"}],"curies":[{"name":"wp","href":"https:\/\/api.w.org\/{rel}","templated":true}]}}