{"id":120673,"date":"2025-01-02T16:41:33","date_gmt":"2025-01-02T08:41:33","guid":{"rendered":"https:\/\/www.mobile-well.com\/?post_type=product&#038;p=120673"},"modified":"2025-01-02T16:41:54","modified_gmt":"2025-01-02T08:41:54","slug":"cargador-superrapido-portatil-de-doble-puerto-usbac-de-30-w-con-certificacion-etl-ul","status":"publish","type":"product","link":"https:\/\/www.mobile-well.com\/es\/producto\/cargador-superrapido-portatil-de-doble-puerto-usbac-de-30-w-con-certificacion-etl-ul\/","title":{"rendered":"Cargador superr\u00e1pido port\u00e1til de doble puerto USB+A+C de 30 W con certificaci\u00f3n ETL UL"},"content":{"rendered":"","protected":false},"excerpt":{"rendered":"<ul>\n<li>N.\u00ba de producto: P1112-A11<\/li>\n<li>A+C 30 W<\/li>\n<li>Entrada: 100-240 V 50\/60 Hz 0,8 A<\/li>\n<li>Salida USB-C: 5 V 3 A, 9 V 3 A, 12 V 2,5 A, 15 V 2 A, 20 V 1,5 A<\/li>\n<li>USB-A: 5 V 3 A, 9 V 2 A, 12 V 1,5 A<\/li>\n<li>USB-A+USB-C: 5 V 3 A<\/li>\n<li>Peso neto del producto: 53,50 g<\/li>\n<\/ul>\n","protected":false},"featured_media":120682,"template":"","meta":[],"product_brand":[],"product_cat":[76],"product_tag":[10555,10541,10556,10557],"class_list":{"0":"post-120673","1":"product","2":"type-product","3":"status-publish","4":"has-post-thumbnail","6":"product_cat-cargadores","7":"product_tag-cargador-superrapido-portatil","8":"product_tag-certificacion-etl-ul","9":"product_tag-doble-puerto-usbac","10":"product_tag-usbac-de-30-w","12":"first","13":"instock","14":"shipping-taxable","15":"product-type-simple"},"jetpack_sharing_enabled":true,"_links":{"self":[{"href":"https:\/\/www.mobile-well.com\/es\/wp-json\/wp\/v2\/product\/120673","targetHints":{"allow":["GET"]}}],"collection":[{"href":"https:\/\/www.mobile-well.com\/es\/wp-json\/wp\/v2\/product"}],"about":[{"href":"https:\/\/www.mobile-well.com\/es\/wp-json\/wp\/v2\/types\/product"}],"wp:featuredmedia":[{"embeddable":true,"href":"https:\/\/www.mobile-well.com\/es\/wp-json\/wp\/v2\/media\/120682"}],"wp:attachment":[{"href":"https:\/\/www.mobile-well.com\/es\/wp-json\/wp\/v2\/media?parent=120673"}],"wp:term":[{"taxonomy":"product_brand","embeddable":true,"href":"https:\/\/www.mobile-well.com\/es\/wp-json\/wp\/v2\/product_brand?post=120673"},{"taxonomy":"product_cat","embeddable":true,"href":"https:\/\/www.mobile-well.com\/es\/wp-json\/wp\/v2\/product_cat?post=120673"},{"taxonomy":"product_tag","embeddable":true,"href":"https:\/\/www.mobile-well.com\/es\/wp-json\/wp\/v2\/product_tag?post=120673"}],"curies":[{"name":"wp","href":"https:\/\/api.w.org\/{rel}","templated":true}]}}