{"id":120696,"date":"2025-01-02T17:27:37","date_gmt":"2025-01-02T09:27:37","guid":{"rendered":"https:\/\/www.mobile-well.com\/?post_type=product&#038;p=120696"},"modified":"2025-01-02T17:27:54","modified_gmt":"2025-01-02T09:27:54","slug":"cargador-rapido-portatil-de-dos-puertos-usbac-de-20-w-con-certificacion-etl-ul","status":"publish","type":"product","link":"https:\/\/www.mobile-well.com\/es\/producto\/cargador-rapido-portatil-de-dos-puertos-usbac-de-20-w-con-certificacion-etl-ul\/","title":{"rendered":"Cargador r\u00e1pido port\u00e1til de dos puertos USB+A+C de 20 W con certificaci\u00f3n ETL UL"},"content":{"rendered":"","protected":false},"excerpt":{"rendered":"<ul>\n<li>N.\u00ba de producto: P1112-A03<\/li>\n<li>Entrada: 100-240 V 50\/60 Hz 0,5 A<\/li>\n<li>Salida USB-C: 5 V 3 A, 9 V 2,22 12 V 1,67 A<\/li>\n<li>USB-A: 5 V 3 A 9 V 2 A 12 V 1,5 A<\/li>\n<li>USB-A+USB-C: 5 V 3 A<\/li>\n<li>Peso neto del producto: 41,70 g<\/li>\n<\/ul>\n","protected":false},"featured_media":120699,"template":"","meta":[],"product_brand":[],"product_cat":[76],"product_tag":[7233,10541,10559],"class_list":{"0":"post-120696","1":"product","2":"type-product","3":"status-publish","4":"has-post-thumbnail","6":"product_cat-cargadores","7":"product_tag-cargador-rapido-portatil","8":"product_tag-certificacion-etl-ul","9":"product_tag-dos-puertos-usbac-de-20-w","11":"first","12":"instock","13":"shipping-taxable","14":"product-type-simple"},"jetpack_sharing_enabled":true,"_links":{"self":[{"href":"https:\/\/www.mobile-well.com\/es\/wp-json\/wp\/v2\/product\/120696","targetHints":{"allow":["GET"]}}],"collection":[{"href":"https:\/\/www.mobile-well.com\/es\/wp-json\/wp\/v2\/product"}],"about":[{"href":"https:\/\/www.mobile-well.com\/es\/wp-json\/wp\/v2\/types\/product"}],"wp:featuredmedia":[{"embeddable":true,"href":"https:\/\/www.mobile-well.com\/es\/wp-json\/wp\/v2\/media\/120699"}],"wp:attachment":[{"href":"https:\/\/www.mobile-well.com\/es\/wp-json\/wp\/v2\/media?parent=120696"}],"wp:term":[{"taxonomy":"product_brand","embeddable":true,"href":"https:\/\/www.mobile-well.com\/es\/wp-json\/wp\/v2\/product_brand?post=120696"},{"taxonomy":"product_cat","embeddable":true,"href":"https:\/\/www.mobile-well.com\/es\/wp-json\/wp\/v2\/product_cat?post=120696"},{"taxonomy":"product_tag","embeddable":true,"href":"https:\/\/www.mobile-well.com\/es\/wp-json\/wp\/v2\/product_tag?post=120696"}],"curies":[{"name":"wp","href":"https:\/\/api.w.org\/{rel}","templated":true}]}}