{"id":120729,"date":"2025-01-02T17:39:24","date_gmt":"2025-01-02T09:39:24","guid":{"rendered":"https:\/\/www.mobile-well.com\/?post_type=product&#038;p=120729"},"modified":"2025-01-02T17:40:10","modified_gmt":"2025-01-02T09:40:10","slug":"precio-al-por-mayor-3-en-1-pc-funda-de-telefono-movil-de-tpu-con-diseno-de-diamante","status":"publish","type":"product","link":"https:\/\/www.mobile-well.com\/es\/producto\/precio-al-por-mayor-3-en-1-pc-funda-de-telefono-movil-de-tpu-con-diseno-de-diamante\/","title":{"rendered":"Precio al por mayor 3 en 1 PC + funda de tel\u00e9fono m\u00f3vil de TPU con dise\u00f1o de diamante"},"content":{"rendered":"","protected":false},"excerpt":{"rendered":"<ul>\n<li>N.\u00ba de producto: P1112-A29<\/li>\n<li>Material: Marco de policarbonato superior e inferior + TPU central<\/li>\n<li>Artesan\u00eda: epoxi + accesorios<\/li>\n<li>Cantidad m\u00ednima de pedido: 200 unidades\/modelo, 50 unidades\/color<\/li>\n<li>Peso neto del producto: 61,00 g<\/li>\n<\/ul>\n","protected":false},"featured_media":120750,"template":"","meta":[],"product_brand":[],"product_cat":[77],"product_tag":[10563,9971,10564],"class_list":{"0":"post-120729","1":"product","2":"type-product","3":"status-publish","4":"has-post-thumbnail","6":"product_cat-fundas","7":"product_tag-3-en-1-pc-funda-de-telefono-movil","8":"product_tag-precio-al-por-mayor","9":"product_tag-tpu-con-diseno-de-diamante","11":"first","12":"instock","13":"shipping-taxable","14":"product-type-simple"},"jetpack_sharing_enabled":true,"_links":{"self":[{"href":"https:\/\/www.mobile-well.com\/es\/wp-json\/wp\/v2\/product\/120729","targetHints":{"allow":["GET"]}}],"collection":[{"href":"https:\/\/www.mobile-well.com\/es\/wp-json\/wp\/v2\/product"}],"about":[{"href":"https:\/\/www.mobile-well.com\/es\/wp-json\/wp\/v2\/types\/product"}],"wp:featuredmedia":[{"embeddable":true,"href":"https:\/\/www.mobile-well.com\/es\/wp-json\/wp\/v2\/media\/120750"}],"wp:attachment":[{"href":"https:\/\/www.mobile-well.com\/es\/wp-json\/wp\/v2\/media?parent=120729"}],"wp:term":[{"taxonomy":"product_brand","embeddable":true,"href":"https:\/\/www.mobile-well.com\/es\/wp-json\/wp\/v2\/product_brand?post=120729"},{"taxonomy":"product_cat","embeddable":true,"href":"https:\/\/www.mobile-well.com\/es\/wp-json\/wp\/v2\/product_cat?post=120729"},{"taxonomy":"product_tag","embeddable":true,"href":"https:\/\/www.mobile-well.com\/es\/wp-json\/wp\/v2\/product_tag?post=120729"}],"curies":[{"name":"wp","href":"https:\/\/api.w.org\/{rel}","templated":true}]}}