{"id":120754,"date":"2025-01-08T15:08:52","date_gmt":"2025-01-08T07:08:52","guid":{"rendered":"https:\/\/www.mobile-well.com\/?post_type=product&#038;p=120754"},"modified":"2025-01-08T15:10:08","modified_gmt":"2025-01-08T07:10:08","slug":"venta-al-por-mayor-de-fundas-para-telefono-movil-con-disipacion-de-calor-y-soporte-de-metal-y-succion-magnetica-de-pctpun52","status":"publish","type":"product","link":"https:\/\/www.mobile-well.com\/es\/producto\/venta-al-por-mayor-de-fundas-para-telefono-movil-con-disipacion-de-calor-y-soporte-de-metal-y-succion-magnetica-de-pctpun52\/","title":{"rendered":"Venta al por mayor de fundas para tel\u00e9fono m\u00f3vil con disipaci\u00f3n de calor y soporte de metal y succi\u00f3n magn\u00e9tica de PC+Tpu+N52"},"content":{"rendered":"","protected":false},"excerpt":{"rendered":"<ul>\n<li>N.\u00ba de producto: P1112-A36<\/li>\n<li>Material: PC + TPU + im\u00e1n N52 + soporte de metal<\/li>\n<li>Artesan\u00eda: inyecci\u00f3n de aceite<\/li>\n<li>Peso neto del producto: 42,70 g<\/li>\n<\/ul>\n","protected":false},"featured_media":120767,"template":"","meta":[],"product_brand":[],"product_cat":[77],"product_tag":[10566,2773,10565,10265],"class_list":{"0":"post-120754","1":"product","2":"type-product","3":"status-publish","4":"has-post-thumbnail","6":"product_cat-fundas","7":"product_tag-disipacion-de-calor-y-soporte-de-metal","8":"product_tag-funda-tpupc","9":"product_tag-fundas-para-telefono-movil","10":"product_tag-venta-al-por-mayor","12":"first","13":"instock","14":"shipping-taxable","15":"product-type-simple"},"jetpack_sharing_enabled":true,"_links":{"self":[{"href":"https:\/\/www.mobile-well.com\/es\/wp-json\/wp\/v2\/product\/120754","targetHints":{"allow":["GET"]}}],"collection":[{"href":"https:\/\/www.mobile-well.com\/es\/wp-json\/wp\/v2\/product"}],"about":[{"href":"https:\/\/www.mobile-well.com\/es\/wp-json\/wp\/v2\/types\/product"}],"wp:featuredmedia":[{"embeddable":true,"href":"https:\/\/www.mobile-well.com\/es\/wp-json\/wp\/v2\/media\/120767"}],"wp:attachment":[{"href":"https:\/\/www.mobile-well.com\/es\/wp-json\/wp\/v2\/media?parent=120754"}],"wp:term":[{"taxonomy":"product_brand","embeddable":true,"href":"https:\/\/www.mobile-well.com\/es\/wp-json\/wp\/v2\/product_brand?post=120754"},{"taxonomy":"product_cat","embeddable":true,"href":"https:\/\/www.mobile-well.com\/es\/wp-json\/wp\/v2\/product_cat?post=120754"},{"taxonomy":"product_tag","embeddable":true,"href":"https:\/\/www.mobile-well.com\/es\/wp-json\/wp\/v2\/product_tag?post=120754"}],"curies":[{"name":"wp","href":"https:\/\/api.w.org\/{rel}","templated":true}]}}