{"id":120794,"date":"2025-01-08T15:19:11","date_gmt":"2025-01-08T07:19:11","guid":{"rendered":"https:\/\/www.mobile-well.com\/?post_type=product&#038;p=120794"},"modified":"2025-01-08T15:19:36","modified_gmt":"2025-01-08T07:19:36","slug":"funda-para-telefono-de-pc-tpu-con-efecto-degradado-imd-y-atraccion-magnetica-incorporada","status":"publish","type":"product","link":"https:\/\/www.mobile-well.com\/es\/producto\/funda-para-telefono-de-pc-tpu-con-efecto-degradado-imd-y-atraccion-magnetica-incorporada\/","title":{"rendered":"Funda Para Tel\u00e9fono De Pc + Tpu Con Efecto Degradado Imd Y Atracci\u00f3n Magn\u00e9tica Incorporada"},"content":{"rendered":"","protected":false},"excerpt":{"rendered":"<ul>\n<li>N.\u00ba de producto: P1112-A34<\/li>\n<li>Material: PC+TPU+im\u00e1n N52<\/li>\n<li>Fabricaci\u00f3n: IMD degradado<\/li>\n<li>Peso neto del producto: 49,30 g<\/li>\n<\/ul>\n","protected":false},"featured_media":120795,"template":"","meta":[],"product_brand":[],"product_cat":[77],"product_tag":[10570,10569],"class_list":{"0":"post-120794","1":"product","2":"type-product","3":"status-publish","4":"has-post-thumbnail","6":"product_cat-fundas","7":"product_tag-atraccion-magnetica-incorporada","8":"product_tag-funda-para-telefono-de-pc-tpu","10":"first","11":"instock","12":"shipping-taxable","13":"product-type-simple"},"jetpack_sharing_enabled":true,"_links":{"self":[{"href":"https:\/\/www.mobile-well.com\/es\/wp-json\/wp\/v2\/product\/120794","targetHints":{"allow":["GET"]}}],"collection":[{"href":"https:\/\/www.mobile-well.com\/es\/wp-json\/wp\/v2\/product"}],"about":[{"href":"https:\/\/www.mobile-well.com\/es\/wp-json\/wp\/v2\/types\/product"}],"wp:featuredmedia":[{"embeddable":true,"href":"https:\/\/www.mobile-well.com\/es\/wp-json\/wp\/v2\/media\/120795"}],"wp:attachment":[{"href":"https:\/\/www.mobile-well.com\/es\/wp-json\/wp\/v2\/media?parent=120794"}],"wp:term":[{"taxonomy":"product_brand","embeddable":true,"href":"https:\/\/www.mobile-well.com\/es\/wp-json\/wp\/v2\/product_brand?post=120794"},{"taxonomy":"product_cat","embeddable":true,"href":"https:\/\/www.mobile-well.com\/es\/wp-json\/wp\/v2\/product_cat?post=120794"},{"taxonomy":"product_tag","embeddable":true,"href":"https:\/\/www.mobile-well.com\/es\/wp-json\/wp\/v2\/product_tag?post=120794"}],"curies":[{"name":"wp","href":"https:\/\/api.w.org\/{rel}","templated":true}]}}