{"id":120807,"date":"2025-01-08T15:26:06","date_gmt":"2025-01-08T07:26:06","guid":{"rendered":"https:\/\/www.mobile-well.com\/?post_type=product&#038;p=120807"},"modified":"2025-01-08T15:26:30","modified_gmt":"2025-01-08T07:26:30","slug":"venta-al-por-mayor-de-fundas-de-silicona-liquida-para-telefono-con-iman","status":"publish","type":"product","link":"https:\/\/www.mobile-well.com\/es\/producto\/venta-al-por-mayor-de-fundas-de-silicona-liquida-para-telefono-con-iman\/","title":{"rendered":"Venta Al Por Mayor De Fundas De Silicona L\u00edquida Para Tel\u00e9fono Con Im\u00e1n"},"content":{"rendered":"","protected":false},"excerpt":{"rendered":"<ul>\n<li>N.\u00ba de producto: P1112-A27<\/li>\n<li>Material: PC + silicona l\u00edquida + franela adhesiva + im\u00e1n<\/li>\n<li>Peso neto del producto: 38,00 g<\/li>\n<\/ul>\n","protected":false},"featured_media":120812,"template":"","meta":[],"product_brand":[],"product_cat":[77],"product_tag":[10572,10571],"class_list":{"0":"post-120807","1":"product","2":"type-product","3":"status-publish","4":"has-post-thumbnail","6":"product_cat-fundas","7":"product_tag-fundas-de-silicona-liquida-para-telefono","8":"product_tag-venta-al-por-mayor-de-fundas","10":"first","11":"instock","12":"shipping-taxable","13":"product-type-simple"},"jetpack_sharing_enabled":true,"_links":{"self":[{"href":"https:\/\/www.mobile-well.com\/es\/wp-json\/wp\/v2\/product\/120807","targetHints":{"allow":["GET"]}}],"collection":[{"href":"https:\/\/www.mobile-well.com\/es\/wp-json\/wp\/v2\/product"}],"about":[{"href":"https:\/\/www.mobile-well.com\/es\/wp-json\/wp\/v2\/types\/product"}],"wp:featuredmedia":[{"embeddable":true,"href":"https:\/\/www.mobile-well.com\/es\/wp-json\/wp\/v2\/media\/120812"}],"wp:attachment":[{"href":"https:\/\/www.mobile-well.com\/es\/wp-json\/wp\/v2\/media?parent=120807"}],"wp:term":[{"taxonomy":"product_brand","embeddable":true,"href":"https:\/\/www.mobile-well.com\/es\/wp-json\/wp\/v2\/product_brand?post=120807"},{"taxonomy":"product_cat","embeddable":true,"href":"https:\/\/www.mobile-well.com\/es\/wp-json\/wp\/v2\/product_cat?post=120807"},{"taxonomy":"product_tag","embeddable":true,"href":"https:\/\/www.mobile-well.com\/es\/wp-json\/wp\/v2\/product_tag?post=120807"}],"curies":[{"name":"wp","href":"https:\/\/api.w.org\/{rel}","templated":true}]}}