{"id":120881,"date":"2025-01-08T15:39:58","date_gmt":"2025-01-08T07:39:58","guid":{"rendered":"https:\/\/www.mobile-well.com\/?post_type=product&#038;p=120881"},"modified":"2025-01-08T15:40:43","modified_gmt":"2025-01-08T07:40:43","slug":"funda-para-telefono-con-camara-galvanizada-extraible-2-en-1-de-tpu-y-pc-de-tongyan","status":"publish","type":"product","link":"https:\/\/www.mobile-well.com\/es\/producto\/funda-para-telefono-con-camara-galvanizada-extraible-2-en-1-de-tpu-y-pc-de-tongyan\/","title":{"rendered":"Funda para tel\u00e9fono con c\u00e1mara galvanizada extra\u00edble 2 en 1 de TPU y PC de Tongyan"},"content":{"rendered":"","protected":false},"excerpt":{"rendered":"<ul>\n<li>N.\u00ba de producto: P1112-A30<\/li>\n<li>Material: TPU + PC + Marco de c\u00e1mara revestido de PC extra\u00edble<\/li>\n<li>Artesan\u00eda: Epoxi pintado + diamantes<\/li>\n<li>Pedido m\u00ednimo: 200 piezas\/modelo, 50 piezas\/color<\/li>\n<li>Peso neto del producto: 44,00 g<\/li>\n<\/ul>\n","protected":false},"featured_media":120892,"template":"","meta":[],"product_brand":[],"product_cat":[77],"product_tag":[10576,1315,8316,2773],"class_list":{"0":"post-120881","1":"product","2":"type-product","3":"status-publish","4":"has-post-thumbnail","6":"product_cat-fundas","7":"product_tag-camara-galvanizada-extraible","8":"product_tag-funda-2-en-1-2","9":"product_tag-funda-para-telefono","10":"product_tag-funda-tpupc","12":"first","13":"instock","14":"shipping-taxable","15":"product-type-simple"},"jetpack_sharing_enabled":true,"_links":{"self":[{"href":"https:\/\/www.mobile-well.com\/es\/wp-json\/wp\/v2\/product\/120881","targetHints":{"allow":["GET"]}}],"collection":[{"href":"https:\/\/www.mobile-well.com\/es\/wp-json\/wp\/v2\/product"}],"about":[{"href":"https:\/\/www.mobile-well.com\/es\/wp-json\/wp\/v2\/types\/product"}],"wp:featuredmedia":[{"embeddable":true,"href":"https:\/\/www.mobile-well.com\/es\/wp-json\/wp\/v2\/media\/120892"}],"wp:attachment":[{"href":"https:\/\/www.mobile-well.com\/es\/wp-json\/wp\/v2\/media?parent=120881"}],"wp:term":[{"taxonomy":"product_brand","embeddable":true,"href":"https:\/\/www.mobile-well.com\/es\/wp-json\/wp\/v2\/product_brand?post=120881"},{"taxonomy":"product_cat","embeddable":true,"href":"https:\/\/www.mobile-well.com\/es\/wp-json\/wp\/v2\/product_cat?post=120881"},{"taxonomy":"product_tag","embeddable":true,"href":"https:\/\/www.mobile-well.com\/es\/wp-json\/wp\/v2\/product_tag?post=120881"}],"curies":[{"name":"wp","href":"https:\/\/api.w.org\/{rel}","templated":true}]}}