{"id":120976,"date":"2025-01-08T16:02:07","date_gmt":"2025-01-08T08:02:07","guid":{"rendered":"https:\/\/www.mobile-well.com\/?post_type=product&#038;p=120976"},"modified":"2025-01-08T16:11:33","modified_gmt":"2025-01-08T08:11:33","slug":"somostel-funda-para-telefono-tpupc-3-en-1-de-franela-con-hebilla-de-anilla","status":"publish","type":"product","link":"https:\/\/www.mobile-well.com\/es\/producto\/somostel-funda-para-telefono-tpupc-3-en-1-de-franela-con-hebilla-de-anilla\/","title":{"rendered":"Somostel Funda Para Tel\u00e9fono Tpu+Pc 3 En 1 De Franela Con Hebilla De Anilla"},"content":{"rendered":"","protected":false},"excerpt":{"rendered":"<ul>\n<li>N.\u00ba de producto: P1112-A23<\/li>\n<li>Material: TPU + PC + c\u00e1mara extra\u00edble + franela adhesiva<\/li>\n<li>Artesan\u00eda: PC transparente + TPU + perforaci\u00f3n para c\u00e1mara + hebilla de aro<\/li>\n<li>Pedido m\u00ednimo: 200 piezas\/modelo, 50 piezas\/color<\/li>\n<li>Peso neto del producto: 61,90 g<\/li>\n<\/ul>\n","protected":false},"featured_media":120989,"template":"","meta":[],"product_brand":[],"product_cat":[77],"product_tag":[10483,10579,8316,2773],"class_list":{"0":"post-120976","1":"product","2":"type-product","3":"status-publish","4":"has-post-thumbnail","6":"product_cat-fundas","7":"product_tag-3-en-1-funda","8":"product_tag-franela-con-hebilla-de-anilla","9":"product_tag-funda-para-telefono","10":"product_tag-funda-tpupc","12":"first","13":"instock","14":"shipping-taxable","15":"product-type-simple"},"jetpack_sharing_enabled":true,"_links":{"self":[{"href":"https:\/\/www.mobile-well.com\/es\/wp-json\/wp\/v2\/product\/120976","targetHints":{"allow":["GET"]}}],"collection":[{"href":"https:\/\/www.mobile-well.com\/es\/wp-json\/wp\/v2\/product"}],"about":[{"href":"https:\/\/www.mobile-well.com\/es\/wp-json\/wp\/v2\/types\/product"}],"wp:featuredmedia":[{"embeddable":true,"href":"https:\/\/www.mobile-well.com\/es\/wp-json\/wp\/v2\/media\/120989"}],"wp:attachment":[{"href":"https:\/\/www.mobile-well.com\/es\/wp-json\/wp\/v2\/media?parent=120976"}],"wp:term":[{"taxonomy":"product_brand","embeddable":true,"href":"https:\/\/www.mobile-well.com\/es\/wp-json\/wp\/v2\/product_brand?post=120976"},{"taxonomy":"product_cat","embeddable":true,"href":"https:\/\/www.mobile-well.com\/es\/wp-json\/wp\/v2\/product_cat?post=120976"},{"taxonomy":"product_tag","embeddable":true,"href":"https:\/\/www.mobile-well.com\/es\/wp-json\/wp\/v2\/product_tag?post=120976"}],"curies":[{"name":"wp","href":"https:\/\/api.w.org\/{rel}","templated":true}]}}