{"id":120997,"date":"2025-01-08T16:06:40","date_gmt":"2025-01-08T08:06:40","guid":{"rendered":"https:\/\/www.mobile-well.com\/?post_type=product&#038;p=120997"},"modified":"2025-01-08T16:06:42","modified_gmt":"2025-01-08T08:06:42","slug":"funda-para-telefono-movil-2-en-1-de-tpu-y-pc-antideslizante-con-pelicula-para-lente-y-clip-trasero","status":"publish","type":"product","link":"https:\/\/www.mobile-well.com\/es\/producto\/funda-para-telefono-movil-2-en-1-de-tpu-y-pc-antideslizante-con-pelicula-para-lente-y-clip-trasero\/","title":{"rendered":"Funda Para Tel\u00e9fono M\u00f3vil 2 En 1 De Tpu Y Pc, Antideslizante, Con Pel\u00edcula Para Lente Y Clip Trasero"},"content":{"rendered":"","protected":false},"excerpt":{"rendered":"<ul>\n<li>N.\u00ba de producto: P1112-A22<\/li>\n<li>Material: TPU+PC<\/li>\n<li>Fabricaci\u00f3n: inyecci\u00f3n de aceite<\/li>\n<li>Peso neto del producto: 91,70 g<\/li>\n<\/ul>\n","protected":false},"featured_media":121024,"template":"","meta":[],"product_brand":[],"product_cat":[77],"product_tag":[10580,10581,1315,3838,2773],"class_list":{"0":"post-120997","1":"product","2":"type-product","3":"status-publish","4":"has-post-thumbnail","6":"product_cat-fundas","7":"product_tag-antideslizante","8":"product_tag-con-pelicula-para-lente-y-clip-trasero","9":"product_tag-funda-2-en-1-2","10":"product_tag-funda-para-telefono-movil","11":"product_tag-funda-tpupc","13":"first","14":"instock","15":"shipping-taxable","16":"product-type-simple"},"jetpack_sharing_enabled":true,"_links":{"self":[{"href":"https:\/\/www.mobile-well.com\/es\/wp-json\/wp\/v2\/product\/120997","targetHints":{"allow":["GET"]}}],"collection":[{"href":"https:\/\/www.mobile-well.com\/es\/wp-json\/wp\/v2\/product"}],"about":[{"href":"https:\/\/www.mobile-well.com\/es\/wp-json\/wp\/v2\/types\/product"}],"wp:featuredmedia":[{"embeddable":true,"href":"https:\/\/www.mobile-well.com\/es\/wp-json\/wp\/v2\/media\/121024"}],"wp:attachment":[{"href":"https:\/\/www.mobile-well.com\/es\/wp-json\/wp\/v2\/media?parent=120997"}],"wp:term":[{"taxonomy":"product_brand","embeddable":true,"href":"https:\/\/www.mobile-well.com\/es\/wp-json\/wp\/v2\/product_brand?post=120997"},{"taxonomy":"product_cat","embeddable":true,"href":"https:\/\/www.mobile-well.com\/es\/wp-json\/wp\/v2\/product_cat?post=120997"},{"taxonomy":"product_tag","embeddable":true,"href":"https:\/\/www.mobile-well.com\/es\/wp-json\/wp\/v2\/product_tag?post=120997"}],"curies":[{"name":"wp","href":"https:\/\/api.w.org\/{rel}","templated":true}]}}