{"id":121030,"date":"2025-01-08T16:09:52","date_gmt":"2025-01-08T08:09:52","guid":{"rendered":"https:\/\/www.mobile-well.com\/?post_type=product&#038;p=121030"},"modified":"2025-01-08T16:10:18","modified_gmt":"2025-01-08T08:10:18","slug":"funda-transparente-para-telefono-movil-de-tpu-pc-anticaida-con-soporte-giratorio-de-360-grados","status":"publish","type":"product","link":"https:\/\/www.mobile-well.com\/es\/producto\/funda-transparente-para-telefono-movil-de-tpu-pc-anticaida-con-soporte-giratorio-de-360-grados\/","title":{"rendered":"Funda Transparente Para Tel\u00e9fono M\u00f3vil De Tpu + Pc Antica\u00edda Con Soporte Giratorio De 360 \u200b\u200bGrados"},"content":{"rendered":"","protected":false},"excerpt":{"rendered":"<ul>\n<li>N.\u00ba de producto: P1112-A33<\/li>\n<li>Material: TPU+PC<\/li>\n<li>Artesan\u00eda: moldeo por inyecci\u00f3n<\/li>\n<li>Peso neto del producto: 51,20 g<\/li>\n<\/ul>\n","protected":false},"featured_media":121045,"template":"","meta":[],"product_brand":[],"product_cat":[77],"product_tag":[10582,10584,10583],"class_list":{"0":"post-121030","1":"product","2":"type-product","3":"status-publish","4":"has-post-thumbnail","6":"product_cat-fundas","7":"product_tag-funda-transparente-para-telefono-movil","8":"product_tag-soporte-giratorio-de-360-grados","9":"product_tag-tpu-pc-anticaida","11":"first","12":"instock","13":"shipping-taxable","14":"product-type-simple"},"jetpack_sharing_enabled":true,"_links":{"self":[{"href":"https:\/\/www.mobile-well.com\/es\/wp-json\/wp\/v2\/product\/121030","targetHints":{"allow":["GET"]}}],"collection":[{"href":"https:\/\/www.mobile-well.com\/es\/wp-json\/wp\/v2\/product"}],"about":[{"href":"https:\/\/www.mobile-well.com\/es\/wp-json\/wp\/v2\/types\/product"}],"wp:featuredmedia":[{"embeddable":true,"href":"https:\/\/www.mobile-well.com\/es\/wp-json\/wp\/v2\/media\/121045"}],"wp:attachment":[{"href":"https:\/\/www.mobile-well.com\/es\/wp-json\/wp\/v2\/media?parent=121030"}],"wp:term":[{"taxonomy":"product_brand","embeddable":true,"href":"https:\/\/www.mobile-well.com\/es\/wp-json\/wp\/v2\/product_brand?post=121030"},{"taxonomy":"product_cat","embeddable":true,"href":"https:\/\/www.mobile-well.com\/es\/wp-json\/wp\/v2\/product_cat?post=121030"},{"taxonomy":"product_tag","embeddable":true,"href":"https:\/\/www.mobile-well.com\/es\/wp-json\/wp\/v2\/product_tag?post=121030"}],"curies":[{"name":"wp","href":"https:\/\/api.w.org\/{rel}","templated":true}]}}