{"id":121183,"date":"2025-04-25T14:33:27","date_gmt":"2025-04-25T06:33:27","guid":{"rendered":"https:\/\/www.mobile-well.com\/?post_type=product&#038;p=121183"},"modified":"2025-04-25T14:35:39","modified_gmt":"2025-04-25T06:35:39","slug":"funda-para-telefono-movil-de-tpu-pc-con-forma-mecanica-y-soporte-giratorio-de-360","status":"publish","type":"product","link":"https:\/\/www.mobile-well.com\/es\/producto\/funda-para-telefono-movil-de-tpu-pc-con-forma-mecanica-y-soporte-giratorio-de-360\/","title":{"rendered":"Funda para tel\u00e9fono m\u00f3vil de TPU + PC con forma mec\u00e1nica y soporte giratorio de 360\u00b0."},"content":{"rendered":"","protected":false},"excerpt":{"rendered":"<ul>\n<li>N.\u00b0 de producto: P0303-A02<\/li>\n<li>Material: TPU + PC + soporte<\/li>\n<li>Fabricaci\u00f3n: Inyecci\u00f3n de aceite<\/li>\n<li>Peso m\u00ednimo: 30 unidades\/modelo, 30 unidades\/color<\/li>\n<li>Peso neto del producto: 62,50 g<\/li>\n<\/ul>\n","protected":false},"featured_media":121194,"template":"","meta":[],"product_brand":[],"product_cat":[77],"product_tag":[10631,3838,2773],"class_list":{"0":"post-121183","1":"product","2":"type-product","3":"status-publish","4":"has-post-thumbnail","6":"product_cat-fundas","7":"product_tag-forma-mecanica-y-soporte-giratorio-de-360","8":"product_tag-funda-para-telefono-movil","9":"product_tag-funda-tpupc","11":"first","12":"instock","13":"shipping-taxable","14":"product-type-simple"},"jetpack_sharing_enabled":true,"_links":{"self":[{"href":"https:\/\/www.mobile-well.com\/es\/wp-json\/wp\/v2\/product\/121183","targetHints":{"allow":["GET"]}}],"collection":[{"href":"https:\/\/www.mobile-well.com\/es\/wp-json\/wp\/v2\/product"}],"about":[{"href":"https:\/\/www.mobile-well.com\/es\/wp-json\/wp\/v2\/types\/product"}],"wp:featuredmedia":[{"embeddable":true,"href":"https:\/\/www.mobile-well.com\/es\/wp-json\/wp\/v2\/media\/121194"}],"wp:attachment":[{"href":"https:\/\/www.mobile-well.com\/es\/wp-json\/wp\/v2\/media?parent=121183"}],"wp:term":[{"taxonomy":"product_brand","embeddable":true,"href":"https:\/\/www.mobile-well.com\/es\/wp-json\/wp\/v2\/product_brand?post=121183"},{"taxonomy":"product_cat","embeddable":true,"href":"https:\/\/www.mobile-well.com\/es\/wp-json\/wp\/v2\/product_cat?post=121183"},{"taxonomy":"product_tag","embeddable":true,"href":"https:\/\/www.mobile-well.com\/es\/wp-json\/wp\/v2\/product_tag?post=121183"}],"curies":[{"name":"wp","href":"https:\/\/api.w.org\/{rel}","templated":true}]}}