{"id":121244,"date":"2025-04-25T15:17:59","date_gmt":"2025-04-25T07:17:59","guid":{"rendered":"https:\/\/www.mobile-well.com\/?post_type=product&#038;p=121244"},"modified":"2025-04-25T15:18:47","modified_gmt":"2025-04-25T07:18:47","slug":"funda-magnetica-para-telefono-de-pc-y-silicona-solida-con-soporte-giratorio-de-360","status":"publish","type":"product","link":"https:\/\/www.mobile-well.com\/es\/producto\/funda-magnetica-para-telefono-de-pc-y-silicona-solida-con-soporte-giratorio-de-360\/","title":{"rendered":"Funda magn\u00e9tica para tel\u00e9fono de PC y silicona s\u00f3lida con soporte giratorio de 360\u00b0"},"content":{"rendered":"","protected":false},"excerpt":{"rendered":"<ul>\n<li>N.\u00b0 de producto: P0303-A06<\/li>\n<li>Material: TPU + PC + soporte<\/li>\n<li>Fabricaci\u00f3n: Aceite de goma<\/li>\n<li>Peso m\u00ednimo: 10 unidades\/color<\/li>\n<li>Peso neto del producto: 47,60 g<\/li>\n<\/ul>\n","protected":false},"featured_media":121249,"template":"","meta":[],"product_brand":[],"product_cat":[77],"product_tag":[10640,10638,10639],"class_list":{"0":"post-121244","1":"product","2":"type-product","3":"status-publish","4":"has-post-thumbnail","6":"product_cat-fundas","7":"product_tag-con-soporte-giratorio-de-360","8":"product_tag-funda-magnetica-para-telefono","9":"product_tag-pc-y-silicona-solida","11":"first","12":"instock","13":"shipping-taxable","14":"product-type-simple"},"jetpack_sharing_enabled":true,"_links":{"self":[{"href":"https:\/\/www.mobile-well.com\/es\/wp-json\/wp\/v2\/product\/121244","targetHints":{"allow":["GET"]}}],"collection":[{"href":"https:\/\/www.mobile-well.com\/es\/wp-json\/wp\/v2\/product"}],"about":[{"href":"https:\/\/www.mobile-well.com\/es\/wp-json\/wp\/v2\/types\/product"}],"wp:featuredmedia":[{"embeddable":true,"href":"https:\/\/www.mobile-well.com\/es\/wp-json\/wp\/v2\/media\/121249"}],"wp:attachment":[{"href":"https:\/\/www.mobile-well.com\/es\/wp-json\/wp\/v2\/media?parent=121244"}],"wp:term":[{"taxonomy":"product_brand","embeddable":true,"href":"https:\/\/www.mobile-well.com\/es\/wp-json\/wp\/v2\/product_brand?post=121244"},{"taxonomy":"product_cat","embeddable":true,"href":"https:\/\/www.mobile-well.com\/es\/wp-json\/wp\/v2\/product_cat?post=121244"},{"taxonomy":"product_tag","embeddable":true,"href":"https:\/\/www.mobile-well.com\/es\/wp-json\/wp\/v2\/product_tag?post=121244"}],"curies":[{"name":"wp","href":"https:\/\/api.w.org\/{rel}","templated":true}]}}