{"id":121257,"date":"2025-04-25T15:54:35","date_gmt":"2025-04-25T07:54:35","guid":{"rendered":"https:\/\/www.mobile-well.com\/?post_type=product&#038;p=121257"},"modified":"2025-04-25T15:55:42","modified_gmt":"2025-04-25T07:55:42","slug":"funda-de-tpu-y-pc-con-cierre-magnetico-para-accesorios-de-telefono-movil","status":"publish","type":"product","link":"https:\/\/www.mobile-well.com\/es\/producto\/funda-de-tpu-y-pc-con-cierre-magnetico-para-accesorios-de-telefono-movil\/","title":{"rendered":"Funda de TPU y PC con cierre magn\u00e9tico para accesorios de tel\u00e9fono m\u00f3vil"},"content":{"rendered":"","protected":false},"excerpt":{"rendered":"<ul>\n<li>N.\u00b0 de producto: P0303-A07<\/li>\n<li>Material: TPU + PC + soporte<\/li>\n<li>Fabricaci\u00f3n: Aceite de goma<\/li>\n<li>Peso m\u00ednimo: 10 unidades\/color<\/li>\n<li>Peso neto del producto: 48,50 g<\/li>\n<\/ul>\n","protected":false},"featured_media":121263,"template":"","meta":[],"product_brand":[],"product_cat":[77],"product_tag":[10642,10641],"class_list":{"0":"post-121257","1":"product","2":"type-product","3":"status-publish","4":"has-post-thumbnail","6":"product_cat-fundas","7":"product_tag-accesorios-de-telefono-movil","8":"product_tag-funda-de-tpu-y-pc","10":"first","11":"instock","12":"shipping-taxable","13":"product-type-simple"},"jetpack_sharing_enabled":true,"_links":{"self":[{"href":"https:\/\/www.mobile-well.com\/es\/wp-json\/wp\/v2\/product\/121257","targetHints":{"allow":["GET"]}}],"collection":[{"href":"https:\/\/www.mobile-well.com\/es\/wp-json\/wp\/v2\/product"}],"about":[{"href":"https:\/\/www.mobile-well.com\/es\/wp-json\/wp\/v2\/types\/product"}],"wp:featuredmedia":[{"embeddable":true,"href":"https:\/\/www.mobile-well.com\/es\/wp-json\/wp\/v2\/media\/121263"}],"wp:attachment":[{"href":"https:\/\/www.mobile-well.com\/es\/wp-json\/wp\/v2\/media?parent=121257"}],"wp:term":[{"taxonomy":"product_brand","embeddable":true,"href":"https:\/\/www.mobile-well.com\/es\/wp-json\/wp\/v2\/product_brand?post=121257"},{"taxonomy":"product_cat","embeddable":true,"href":"https:\/\/www.mobile-well.com\/es\/wp-json\/wp\/v2\/product_cat?post=121257"},{"taxonomy":"product_tag","embeddable":true,"href":"https:\/\/www.mobile-well.com\/es\/wp-json\/wp\/v2\/product_tag?post=121257"}],"curies":[{"name":"wp","href":"https:\/\/api.w.org\/{rel}","templated":true}]}}