{"id":121292,"date":"2025-04-25T16:19:27","date_gmt":"2025-04-25T08:19:27","guid":{"rendered":"https:\/\/www.mobile-well.com\/?post_type=product&#038;p=121292"},"modified":"2025-04-25T16:20:20","modified_gmt":"2025-04-25T08:20:20","slug":"funda-magnetica-2-en-1-tpupc-impermeable-para-telefono","status":"publish","type":"product","link":"https:\/\/www.mobile-well.com\/es\/producto\/funda-magnetica-2-en-1-tpupc-impermeable-para-telefono\/","title":{"rendered":"Funda magn\u00e9tica 2 en 1 TPU+PC impermeable para tel\u00e9fono"},"content":{"rendered":"","protected":false},"excerpt":{"rendered":"<ul>\n<li>Producto NO.:P0303-A09<\/li>\n<li>Material:TPU+PC<\/li>\n<li>Artesan\u00eda:inyecci\u00f3n de aceite+estampado+patr\u00f3n CD Magn\u00e9tico<\/li>\n<li>MOQ:50PCS\/Color,200PCS\/Modelo<\/li>\n<li>N.W del producto:39.30g<\/li>\n<\/ul>\n","protected":false},"featured_media":121295,"template":"","meta":[],"product_brand":[],"product_cat":[77],"product_tag":[10643,10644],"class_list":{"0":"post-121292","1":"product","2":"type-product","3":"status-publish","4":"has-post-thumbnail","6":"product_cat-fundas","7":"product_tag-funda-magnetica-2-en-1","8":"product_tag-impermeable-para-telefono","10":"first","11":"instock","12":"shipping-taxable","13":"product-type-simple"},"jetpack_sharing_enabled":true,"_links":{"self":[{"href":"https:\/\/www.mobile-well.com\/es\/wp-json\/wp\/v2\/product\/121292","targetHints":{"allow":["GET"]}}],"collection":[{"href":"https:\/\/www.mobile-well.com\/es\/wp-json\/wp\/v2\/product"}],"about":[{"href":"https:\/\/www.mobile-well.com\/es\/wp-json\/wp\/v2\/types\/product"}],"wp:featuredmedia":[{"embeddable":true,"href":"https:\/\/www.mobile-well.com\/es\/wp-json\/wp\/v2\/media\/121295"}],"wp:attachment":[{"href":"https:\/\/www.mobile-well.com\/es\/wp-json\/wp\/v2\/media?parent=121292"}],"wp:term":[{"taxonomy":"product_brand","embeddable":true,"href":"https:\/\/www.mobile-well.com\/es\/wp-json\/wp\/v2\/product_brand?post=121292"},{"taxonomy":"product_cat","embeddable":true,"href":"https:\/\/www.mobile-well.com\/es\/wp-json\/wp\/v2\/product_cat?post=121292"},{"taxonomy":"product_tag","embeddable":true,"href":"https:\/\/www.mobile-well.com\/es\/wp-json\/wp\/v2\/product_tag?post=121292"}],"curies":[{"name":"wp","href":"https:\/\/api.w.org\/{rel}","templated":true}]}}