{"id":121311,"date":"2025-04-25T16:24:31","date_gmt":"2025-04-25T08:24:31","guid":{"rendered":"https:\/\/www.mobile-well.com\/?post_type=product&#038;p=121311"},"modified":"2025-04-25T16:25:05","modified_gmt":"2025-04-25T08:25:05","slug":"funda-magnetica-2-en-1-de-tpupc-resistente-a-aranazos-para-movil","status":"publish","type":"product","link":"https:\/\/www.mobile-well.com\/es\/producto\/funda-magnetica-2-en-1-de-tpupc-resistente-a-aranazos-para-movil\/","title":{"rendered":"Funda magn\u00e9tica 2 en 1 de TPU+PC resistente a ara\u00f1azos para m\u00f3vil"},"content":{"rendered":"","protected":false},"excerpt":{"rendered":"<ul>\n<li>Producto NO.:P0303-A10<\/li>\n<li>Material:TPU+PC<\/li>\n<li>Artesan\u00eda:inyecci\u00f3n de aceite+estampado+patr\u00f3n CD Magn\u00e9tico<\/li>\n<li>MOQ:50PCS\/Color,200PCS\/Modelo<\/li>\n<li>N.W del producto:43.40g<\/li>\n<\/ul>\n","protected":false},"featured_media":121328,"template":"","meta":[],"product_brand":[],"product_cat":[77],"product_tag":[10643],"class_list":{"0":"post-121311","1":"product","2":"type-product","3":"status-publish","4":"has-post-thumbnail","6":"product_cat-fundas","7":"product_tag-funda-magnetica-2-en-1","9":"first","10":"instock","11":"shipping-taxable","12":"product-type-simple"},"jetpack_sharing_enabled":true,"_links":{"self":[{"href":"https:\/\/www.mobile-well.com\/es\/wp-json\/wp\/v2\/product\/121311","targetHints":{"allow":["GET"]}}],"collection":[{"href":"https:\/\/www.mobile-well.com\/es\/wp-json\/wp\/v2\/product"}],"about":[{"href":"https:\/\/www.mobile-well.com\/es\/wp-json\/wp\/v2\/types\/product"}],"wp:featuredmedia":[{"embeddable":true,"href":"https:\/\/www.mobile-well.com\/es\/wp-json\/wp\/v2\/media\/121328"}],"wp:attachment":[{"href":"https:\/\/www.mobile-well.com\/es\/wp-json\/wp\/v2\/media?parent=121311"}],"wp:term":[{"taxonomy":"product_brand","embeddable":true,"href":"https:\/\/www.mobile-well.com\/es\/wp-json\/wp\/v2\/product_brand?post=121311"},{"taxonomy":"product_cat","embeddable":true,"href":"https:\/\/www.mobile-well.com\/es\/wp-json\/wp\/v2\/product_cat?post=121311"},{"taxonomy":"product_tag","embeddable":true,"href":"https:\/\/www.mobile-well.com\/es\/wp-json\/wp\/v2\/product_tag?post=121311"}],"curies":[{"name":"wp","href":"https:\/\/api.w.org\/{rel}","templated":true}]}}