{"id":121575,"date":"2025-05-15T15:23:15","date_gmt":"2025-05-15T07:23:15","guid":{"rendered":"https:\/\/www.mobile-well.com\/?post_type=product&#038;p=121575"},"modified":"2025-05-15T15:23:48","modified_gmt":"2025-05-15T07:23:48","slug":"funda-para-telefono-magnetica-de-tpu-y-pc-con-marco-de-lente-y-diseno-de-diamante","status":"publish","type":"product","link":"https:\/\/www.mobile-well.com\/es\/producto\/funda-para-telefono-magnetica-de-tpu-y-pc-con-marco-de-lente-y-diseno-de-diamante\/","title":{"rendered":"Funda para tel\u00e9fono magn\u00e9tica de TPU y PC con marco de lente y dise\u00f1o de diamante."},"content":{"rendered":"","protected":false},"excerpt":{"rendered":"<ul>\n<li>N.\u00b0 de producto: P0422-A07<\/li>\n<li>Material: PC + TPU<\/li>\n<li>Artesan\u00eda: Pintado + Im\u00e1n<\/li>\n<li>Peso m\u00ednimo: 200 unidades\/modelo, 50 unidades\/color<\/li>\n<li>Peso neto del producto: 56,60 g<\/li>\n<\/ul>\n","protected":false},"featured_media":121596,"template":"","meta":[],"product_brand":[],"product_cat":[77],"product_tag":[10684,10682,10683],"class_list":{"0":"post-121575","1":"product","2":"type-product","3":"status-publish","4":"has-post-thumbnail","6":"product_cat-fundas","7":"product_tag-diseno-de-diamante","8":"product_tag-funda-para-telefono-magnetica","9":"product_tag-tpu-y-pc-con-marco-de-lente","11":"first","12":"instock","13":"shipping-taxable","14":"product-type-simple"},"jetpack_sharing_enabled":true,"_links":{"self":[{"href":"https:\/\/www.mobile-well.com\/es\/wp-json\/wp\/v2\/product\/121575","targetHints":{"allow":["GET"]}}],"collection":[{"href":"https:\/\/www.mobile-well.com\/es\/wp-json\/wp\/v2\/product"}],"about":[{"href":"https:\/\/www.mobile-well.com\/es\/wp-json\/wp\/v2\/types\/product"}],"wp:featuredmedia":[{"embeddable":true,"href":"https:\/\/www.mobile-well.com\/es\/wp-json\/wp\/v2\/media\/121596"}],"wp:attachment":[{"href":"https:\/\/www.mobile-well.com\/es\/wp-json\/wp\/v2\/media?parent=121575"}],"wp:term":[{"taxonomy":"product_brand","embeddable":true,"href":"https:\/\/www.mobile-well.com\/es\/wp-json\/wp\/v2\/product_brand?post=121575"},{"taxonomy":"product_cat","embeddable":true,"href":"https:\/\/www.mobile-well.com\/es\/wp-json\/wp\/v2\/product_cat?post=121575"},{"taxonomy":"product_tag","embeddable":true,"href":"https:\/\/www.mobile-well.com\/es\/wp-json\/wp\/v2\/product_tag?post=121575"}],"curies":[{"name":"wp","href":"https:\/\/api.w.org\/{rel}","templated":true}]}}