{"id":121612,"date":"2025-05-15T15:32:54","date_gmt":"2025-05-15T07:32:54","guid":{"rendered":"https:\/\/www.mobile-well.com\/?post_type=product&#038;p=121612"},"modified":"2025-05-15T15:35:28","modified_gmt":"2025-05-15T07:35:28","slug":"funda-para-telefono-movil-3-en-1-de-tpu-y-pc-con-diseno-de-diamante-pintado","status":"publish","type":"product","link":"https:\/\/www.mobile-well.com\/es\/producto\/funda-para-telefono-movil-3-en-1-de-tpu-y-pc-con-diseno-de-diamante-pintado\/","title":{"rendered":"Funda para tel\u00e9fono m\u00f3vil 3 en 1 de TPU y PC con dise\u00f1o de diamante pintado"},"content":{"rendered":"","protected":false},"excerpt":{"rendered":"<ul>\n<li>N.\u00b0 de producto: P0422-A05<\/li>\n<li>Material: PC + TPU<\/li>\n<li>Artesan\u00eda: Pintado + epoxi + con diamantes<\/li>\n<li>Peso m\u00ednimo: 200 piezas\/modelo, 50 piezas\/color<\/li>\n<li>Peso neto del producto: 54,50 g<\/li>\n<\/ul>\n","protected":false},"featured_media":121635,"template":"","meta":[],"product_brand":[],"product_cat":[77],"product_tag":[10687,10193],"class_list":{"0":"post-121612","1":"product","2":"type-product","3":"status-publish","4":"has-post-thumbnail","6":"product_cat-fundas","7":"product_tag-diseno-de-diamante-pintado","8":"product_tag-funda-para-telefono-movil-3-en-1","10":"first","11":"instock","12":"shipping-taxable","13":"product-type-simple"},"jetpack_sharing_enabled":true,"_links":{"self":[{"href":"https:\/\/www.mobile-well.com\/es\/wp-json\/wp\/v2\/product\/121612","targetHints":{"allow":["GET"]}}],"collection":[{"href":"https:\/\/www.mobile-well.com\/es\/wp-json\/wp\/v2\/product"}],"about":[{"href":"https:\/\/www.mobile-well.com\/es\/wp-json\/wp\/v2\/types\/product"}],"wp:featuredmedia":[{"embeddable":true,"href":"https:\/\/www.mobile-well.com\/es\/wp-json\/wp\/v2\/media\/121635"}],"wp:attachment":[{"href":"https:\/\/www.mobile-well.com\/es\/wp-json\/wp\/v2\/media?parent=121612"}],"wp:term":[{"taxonomy":"product_brand","embeddable":true,"href":"https:\/\/www.mobile-well.com\/es\/wp-json\/wp\/v2\/product_brand?post=121612"},{"taxonomy":"product_cat","embeddable":true,"href":"https:\/\/www.mobile-well.com\/es\/wp-json\/wp\/v2\/product_cat?post=121612"},{"taxonomy":"product_tag","embeddable":true,"href":"https:\/\/www.mobile-well.com\/es\/wp-json\/wp\/v2\/product_tag?post=121612"}],"curies":[{"name":"wp","href":"https:\/\/api.w.org\/{rel}","templated":true}]}}