{"id":121637,"date":"2025-05-15T15:42:13","date_gmt":"2025-05-15T07:42:13","guid":{"rendered":"https:\/\/www.mobile-well.com\/?post_type=product&#038;p=121637"},"modified":"2025-05-15T15:43:09","modified_gmt":"2025-05-15T07:43:09","slug":"funda-magnetica-transparente-para-telefono-movil-de-pc-al-por-mayor","status":"publish","type":"product","link":"https:\/\/www.mobile-well.com\/es\/producto\/funda-magnetica-transparente-para-telefono-movil-de-pc-al-por-mayor\/","title":{"rendered":"Funda magn\u00e9tica transparente para tel\u00e9fono m\u00f3vil de PC al por mayor"},"content":{"rendered":"","protected":false},"excerpt":{"rendered":"<ul>\n<li>N.\u00b0 de producto: P0422-A15<\/li>\n<li>Material: PC + im\u00e1n + bot\u00f3n de hardware<\/li>\n<li>Proceso: Moldeo por inyecci\u00f3n<\/li>\n<li>Peso m\u00ednimo: 100 unidades\/modelo, 50 unidades\/color<\/li>\n<li>Peso neto del producto: 44,50 g<\/li>\n<\/ul>\n","protected":false},"featured_media":121652,"template":"","meta":[],"product_brand":[],"product_cat":[77],"product_tag":[10568,10691],"class_list":{"0":"post-121637","1":"product","2":"type-product","3":"status-publish","4":"has-post-thumbnail","6":"product_cat-fundas","7":"product_tag-funda-magnetica-transparente","8":"product_tag-telefono-movil-de-pc-al-por-mayor","10":"first","11":"instock","12":"shipping-taxable","13":"product-type-simple"},"jetpack_sharing_enabled":true,"_links":{"self":[{"href":"https:\/\/www.mobile-well.com\/es\/wp-json\/wp\/v2\/product\/121637","targetHints":{"allow":["GET"]}}],"collection":[{"href":"https:\/\/www.mobile-well.com\/es\/wp-json\/wp\/v2\/product"}],"about":[{"href":"https:\/\/www.mobile-well.com\/es\/wp-json\/wp\/v2\/types\/product"}],"wp:featuredmedia":[{"embeddable":true,"href":"https:\/\/www.mobile-well.com\/es\/wp-json\/wp\/v2\/media\/121652"}],"wp:attachment":[{"href":"https:\/\/www.mobile-well.com\/es\/wp-json\/wp\/v2\/media?parent=121637"}],"wp:term":[{"taxonomy":"product_brand","embeddable":true,"href":"https:\/\/www.mobile-well.com\/es\/wp-json\/wp\/v2\/product_brand?post=121637"},{"taxonomy":"product_cat","embeddable":true,"href":"https:\/\/www.mobile-well.com\/es\/wp-json\/wp\/v2\/product_cat?post=121637"},{"taxonomy":"product_tag","embeddable":true,"href":"https:\/\/www.mobile-well.com\/es\/wp-json\/wp\/v2\/product_tag?post=121637"}],"curies":[{"name":"wp","href":"https:\/\/api.w.org\/{rel}","templated":true}]}}