{"id":121656,"date":"2025-05-15T15:47:04","date_gmt":"2025-05-15T07:47:04","guid":{"rendered":"https:\/\/www.mobile-well.com\/?post_type=product&#038;p=121656"},"modified":"2025-05-15T15:47:35","modified_gmt":"2025-05-15T07:47:35","slug":"funda-para-telefono-de-tpupc-con-acabado-brillante-y-aceite-con-cordon-largo-y-marco-de-lente-con-diamantes","status":"publish","type":"product","link":"https:\/\/www.mobile-well.com\/es\/producto\/funda-para-telefono-de-tpupc-con-acabado-brillante-y-aceite-con-cordon-largo-y-marco-de-lente-con-diamantes\/","title":{"rendered":"Funda para tel\u00e9fono de TPU+PC con acabado brillante y aceite, con cord\u00f3n largo y marco de lente con diamantes."},"content":{"rendered":"","protected":false},"excerpt":{"rendered":"<ul>\n<li>N.\u00b0 de producto: P0422-A06<\/li>\n<li>Material: PC + TPU<\/li>\n<li>Fabricaci\u00f3n: Inyecci\u00f3n de aceite + cord\u00f3n<\/li>\n<li>Peso m\u00ednimo: 200 unidades\/modelo, 50 unidades\/color<\/li>\n<li>Peso neto del producto: 87,3 g<\/li>\n<\/ul>\n","protected":false},"featured_media":121667,"template":"","meta":[],"product_brand":[],"product_cat":[77],"product_tag":[10693,10694,10692],"class_list":{"0":"post-121656","1":"product","2":"type-product","3":"status-publish","4":"has-post-thumbnail","6":"product_cat-fundas","7":"product_tag-acabado-brillante-y-aceite","8":"product_tag-con-cordon-largo-y-marco","9":"product_tag-funda-para-telefono-de-tpupc","11":"first","12":"instock","13":"shipping-taxable","14":"product-type-simple"},"jetpack_sharing_enabled":true,"_links":{"self":[{"href":"https:\/\/www.mobile-well.com\/es\/wp-json\/wp\/v2\/product\/121656","targetHints":{"allow":["GET"]}}],"collection":[{"href":"https:\/\/www.mobile-well.com\/es\/wp-json\/wp\/v2\/product"}],"about":[{"href":"https:\/\/www.mobile-well.com\/es\/wp-json\/wp\/v2\/types\/product"}],"wp:featuredmedia":[{"embeddable":true,"href":"https:\/\/www.mobile-well.com\/es\/wp-json\/wp\/v2\/media\/121667"}],"wp:attachment":[{"href":"https:\/\/www.mobile-well.com\/es\/wp-json\/wp\/v2\/media?parent=121656"}],"wp:term":[{"taxonomy":"product_brand","embeddable":true,"href":"https:\/\/www.mobile-well.com\/es\/wp-json\/wp\/v2\/product_brand?post=121656"},{"taxonomy":"product_cat","embeddable":true,"href":"https:\/\/www.mobile-well.com\/es\/wp-json\/wp\/v2\/product_cat?post=121656"},{"taxonomy":"product_tag","embeddable":true,"href":"https:\/\/www.mobile-well.com\/es\/wp-json\/wp\/v2\/product_tag?post=121656"}],"curies":[{"name":"wp","href":"https:\/\/api.w.org\/{rel}","templated":true}]}}