{"id":121754,"date":"2025-05-15T16:38:17","date_gmt":"2025-05-15T08:38:17","guid":{"rendered":"https:\/\/www.mobile-well.com\/?post_type=product&#038;p=121754"},"modified":"2025-05-15T16:40:52","modified_gmt":"2025-05-15T08:40:52","slug":"funda-para-telefono-movil-3-en-1-de-tpupc-pintada-con-soporte-magnetico-de-diamante","status":"publish","type":"product","link":"https:\/\/www.mobile-well.com\/es\/producto\/funda-para-telefono-movil-3-en-1-de-tpupc-pintada-con-soporte-magnetico-de-diamante\/","title":{"rendered":"Funda para tel\u00e9fono m\u00f3vil 3 en 1 de TPU+PC pintada con soporte magn\u00e9tico de diamante"},"content":{"rendered":"","protected":false},"excerpt":{"rendered":"<ul>\n<li>N.\u00b0 de producto: P0422-A02<\/li>\n<li>Material: PC + TPU<\/li>\n<li>Artesan\u00eda: Pintado + Im\u00e1n<\/li>\n<li>Peso m\u00ednimo: 200 unidades\/modelo, 50 unidades\/color<\/li>\n<li>Peso neto del producto: 63,40 g<\/li>\n<\/ul>\n","protected":false},"featured_media":121775,"template":"","meta":[],"product_brand":[],"product_cat":[77],"product_tag":[10193,10702],"class_list":{"0":"post-121754","1":"product","2":"type-product","3":"status-publish","4":"has-post-thumbnail","6":"product_cat-fundas","7":"product_tag-funda-para-telefono-movil-3-en-1","8":"product_tag-soporte-magnetico-de-diamante","10":"first","11":"instock","12":"shipping-taxable","13":"product-type-simple"},"jetpack_sharing_enabled":true,"_links":{"self":[{"href":"https:\/\/www.mobile-well.com\/es\/wp-json\/wp\/v2\/product\/121754","targetHints":{"allow":["GET"]}}],"collection":[{"href":"https:\/\/www.mobile-well.com\/es\/wp-json\/wp\/v2\/product"}],"about":[{"href":"https:\/\/www.mobile-well.com\/es\/wp-json\/wp\/v2\/types\/product"}],"wp:featuredmedia":[{"embeddable":true,"href":"https:\/\/www.mobile-well.com\/es\/wp-json\/wp\/v2\/media\/121775"}],"wp:attachment":[{"href":"https:\/\/www.mobile-well.com\/es\/wp-json\/wp\/v2\/media?parent=121754"}],"wp:term":[{"taxonomy":"product_brand","embeddable":true,"href":"https:\/\/www.mobile-well.com\/es\/wp-json\/wp\/v2\/product_brand?post=121754"},{"taxonomy":"product_cat","embeddable":true,"href":"https:\/\/www.mobile-well.com\/es\/wp-json\/wp\/v2\/product_cat?post=121754"},{"taxonomy":"product_tag","embeddable":true,"href":"https:\/\/www.mobile-well.com\/es\/wp-json\/wp\/v2\/product_tag?post=121754"}],"curies":[{"name":"wp","href":"https:\/\/api.w.org\/{rel}","templated":true}]}}