{"id":121955,"date":"2025-07-04T17:00:10","date_gmt":"2025-07-04T09:00:10","guid":{"rendered":"https:\/\/www.mobile-well.com\/?post_type=product&#038;p=121955"},"modified":"2025-07-04T17:02:04","modified_gmt":"2025-07-04T09:02:04","slug":"estuche-magnetico-para-telefono-celular-con-marco-de-lente-de-hardware-y-proceso-de-calcomania-de-agua-para-pc","status":"publish","type":"product","link":"https:\/\/www.mobile-well.com\/es\/producto\/estuche-magnetico-para-telefono-celular-con-marco-de-lente-de-hardware-y-proceso-de-calcomania-de-agua-para-pc\/","title":{"rendered":"Estuche magn\u00e9tico para tel\u00e9fono celular con marco de lente de hardware y proceso de calcoman\u00eda de agua para PC"},"content":{"rendered":"","protected":false},"excerpt":{"rendered":"<ul>\n<li>N.\u00b0 de producto: P0530-A12<\/li>\n<li>Material: PC + herrajes<\/li>\n<li>Proceso: Calcoman\u00eda al agua<\/li>\n<li>Pedido m\u00ednimo: 100 unidades\/modelo, 50 unidades\/motivos<\/li>\n<\/ul>\n","protected":false},"featured_media":121964,"template":"","meta":[],"product_brand":[],"product_cat":[77],"product_tag":[10763],"class_list":{"0":"post-121955","1":"product","2":"type-product","3":"status-publish","4":"has-post-thumbnail","6":"product_cat-fundas","7":"product_tag-estuche-magnetico-para-telefono-celular","9":"first","10":"instock","11":"shipping-taxable","12":"product-type-simple"},"jetpack_sharing_enabled":true,"_links":{"self":[{"href":"https:\/\/www.mobile-well.com\/es\/wp-json\/wp\/v2\/product\/121955","targetHints":{"allow":["GET"]}}],"collection":[{"href":"https:\/\/www.mobile-well.com\/es\/wp-json\/wp\/v2\/product"}],"about":[{"href":"https:\/\/www.mobile-well.com\/es\/wp-json\/wp\/v2\/types\/product"}],"wp:featuredmedia":[{"embeddable":true,"href":"https:\/\/www.mobile-well.com\/es\/wp-json\/wp\/v2\/media\/121964"}],"wp:attachment":[{"href":"https:\/\/www.mobile-well.com\/es\/wp-json\/wp\/v2\/media?parent=121955"}],"wp:term":[{"taxonomy":"product_brand","embeddable":true,"href":"https:\/\/www.mobile-well.com\/es\/wp-json\/wp\/v2\/product_brand?post=121955"},{"taxonomy":"product_cat","embeddable":true,"href":"https:\/\/www.mobile-well.com\/es\/wp-json\/wp\/v2\/product_cat?post=121955"},{"taxonomy":"product_tag","embeddable":true,"href":"https:\/\/www.mobile-well.com\/es\/wp-json\/wp\/v2\/product_tag?post=121955"}],"curies":[{"name":"wp","href":"https:\/\/api.w.org\/{rel}","templated":true}]}}