{"id":122037,"date":"2025-07-07T16:43:01","date_gmt":"2025-07-07T08:43:01","guid":{"rendered":"https:\/\/www.mobile-well.com\/?post_type=product&#038;p=122037"},"modified":"2025-07-07T16:44:04","modified_gmt":"2025-07-07T08:44:04","slug":"funda-magnetica-2-en-1-para-telefono-movil-anticaidas-venta-directa-de-fabrica","status":"publish","type":"product","link":"https:\/\/www.mobile-well.com\/es\/producto\/funda-magnetica-2-en-1-para-telefono-movil-anticaidas-venta-directa-de-fabrica\/","title":{"rendered":"Funda magn\u00e9tica 2 en 1 para tel\u00e9fono m\u00f3vil, antica\u00eddas, venta directa de f\u00e1brica"},"content":{"rendered":"","protected":false},"excerpt":{"rendered":"<ul>\n<li>N.\u00b0 de producto: P0530-A22<\/li>\n<li>Material: TPU + PC<\/li>\n<li>Fabricaci\u00f3n: inyecci\u00f3n de aceite<\/li>\n<li>Pedido m\u00ednimo: 50 unidades\/color<\/li>\n<\/ul>\n","protected":false},"featured_media":122044,"template":"","meta":[],"product_brand":[],"product_cat":[77],"product_tag":[10769,10643,10269],"class_list":{"0":"post-122037","1":"product","2":"type-product","3":"status-publish","4":"has-post-thumbnail","6":"product_cat-fundas","7":"product_tag-anticaidas","8":"product_tag-funda-magnetica-2-en-1","9":"product_tag-venta-directa-de-fabrica","11":"first","12":"instock","13":"shipping-taxable","14":"product-type-simple"},"jetpack_sharing_enabled":true,"_links":{"self":[{"href":"https:\/\/www.mobile-well.com\/es\/wp-json\/wp\/v2\/product\/122037","targetHints":{"allow":["GET"]}}],"collection":[{"href":"https:\/\/www.mobile-well.com\/es\/wp-json\/wp\/v2\/product"}],"about":[{"href":"https:\/\/www.mobile-well.com\/es\/wp-json\/wp\/v2\/types\/product"}],"wp:featuredmedia":[{"embeddable":true,"href":"https:\/\/www.mobile-well.com\/es\/wp-json\/wp\/v2\/media\/122044"}],"wp:attachment":[{"href":"https:\/\/www.mobile-well.com\/es\/wp-json\/wp\/v2\/media?parent=122037"}],"wp:term":[{"taxonomy":"product_brand","embeddable":true,"href":"https:\/\/www.mobile-well.com\/es\/wp-json\/wp\/v2\/product_brand?post=122037"},{"taxonomy":"product_cat","embeddable":true,"href":"https:\/\/www.mobile-well.com\/es\/wp-json\/wp\/v2\/product_cat?post=122037"},{"taxonomy":"product_tag","embeddable":true,"href":"https:\/\/www.mobile-well.com\/es\/wp-json\/wp\/v2\/product_tag?post=122037"}],"curies":[{"name":"wp","href":"https:\/\/api.w.org\/{rel}","templated":true}]}}