{"id":122048,"date":"2025-07-07T16:50:36","date_gmt":"2025-07-07T08:50:36","guid":{"rendered":"https:\/\/www.mobile-well.com\/?post_type=product&#038;p=122048"},"modified":"2025-07-07T16:51:32","modified_gmt":"2025-07-07T08:51:32","slug":"venta-directa-del-proveedor-2-en-1-funda-magnetica-para-telefono-movil-a-prueba-de-caidas-con-soporte","status":"publish","type":"product","link":"https:\/\/www.mobile-well.com\/es\/producto\/venta-directa-del-proveedor-2-en-1-funda-magnetica-para-telefono-movil-a-prueba-de-caidas-con-soporte\/","title":{"rendered":"Venta directa del proveedor 2 en 1 funda magn\u00e9tica para tel\u00e9fono m\u00f3vil a prueba de ca\u00eddas con soporte"},"content":{"rendered":"","protected":false},"excerpt":{"rendered":"<ul>\n<li>N.\u00b0 de producto: P0530-A20<\/li>\n<li>Material: TPU + PC + hardware<\/li>\n<li>Fabricaci\u00f3n: inyecci\u00f3n de aceite<\/li>\n<li>Pedido m\u00ednimo: 50 unidades\/color<\/li>\n<\/ul>\n","protected":false},"featured_media":122059,"template":"","meta":[],"product_brand":[],"product_cat":[77],"product_tag":[7654,10770],"class_list":{"0":"post-122048","1":"product","2":"type-product","3":"status-publish","4":"has-post-thumbnail","6":"product_cat-fundas","7":"product_tag-2-en-1-funda","8":"product_tag-venta-directa-del-proveedor","10":"first","11":"instock","12":"shipping-taxable","13":"product-type-simple"},"jetpack_sharing_enabled":true,"_links":{"self":[{"href":"https:\/\/www.mobile-well.com\/es\/wp-json\/wp\/v2\/product\/122048","targetHints":{"allow":["GET"]}}],"collection":[{"href":"https:\/\/www.mobile-well.com\/es\/wp-json\/wp\/v2\/product"}],"about":[{"href":"https:\/\/www.mobile-well.com\/es\/wp-json\/wp\/v2\/types\/product"}],"wp:featuredmedia":[{"embeddable":true,"href":"https:\/\/www.mobile-well.com\/es\/wp-json\/wp\/v2\/media\/122059"}],"wp:attachment":[{"href":"https:\/\/www.mobile-well.com\/es\/wp-json\/wp\/v2\/media?parent=122048"}],"wp:term":[{"taxonomy":"product_brand","embeddable":true,"href":"https:\/\/www.mobile-well.com\/es\/wp-json\/wp\/v2\/product_brand?post=122048"},{"taxonomy":"product_cat","embeddable":true,"href":"https:\/\/www.mobile-well.com\/es\/wp-json\/wp\/v2\/product_cat?post=122048"},{"taxonomy":"product_tag","embeddable":true,"href":"https:\/\/www.mobile-well.com\/es\/wp-json\/wp\/v2\/product_tag?post=122048"}],"curies":[{"name":"wp","href":"https:\/\/api.w.org\/{rel}","templated":true}]}}