{"id":122099,"date":"2025-07-07T17:09:20","date_gmt":"2025-07-07T09:09:20","guid":{"rendered":"https:\/\/www.mobile-well.com\/?post_type=product&#038;p=122099"},"modified":"2025-07-07T17:09:52","modified_gmt":"2025-07-07T09:09:52","slug":"funda-para-telefono-movil-2-en-1-transparente-antideslizante-con-fijacion-magnetica-venta-al-por-mayor","status":"publish","type":"product","link":"https:\/\/www.mobile-well.com\/es\/producto\/funda-para-telefono-movil-2-en-1-transparente-antideslizante-con-fijacion-magnetica-venta-al-por-mayor\/","title":{"rendered":"Funda para tel\u00e9fono m\u00f3vil 2 en 1, transparente, antideslizante, con fijaci\u00f3n magn\u00e9tica, venta al por mayor"},"content":{"rendered":"","protected":false},"excerpt":{"rendered":"<ul>\n<li>N.\u00b0 de producto: P0530-A32<\/li>\n<li>Material: Franja de color antideslizante + magnetismo + bot\u00f3n de c\u00e1mara de hardware<\/li>\n<li>Artesan\u00eda: Chapa de hierro<\/li>\n<\/ul>\n","protected":false},"featured_media":122110,"template":"","meta":[],"product_brand":[],"product_cat":[77],"product_tag":[10580,10776,10775,10635,10265],"class_list":{"0":"post-122099","1":"product","2":"type-product","3":"status-publish","4":"has-post-thumbnail","6":"product_cat-fundas","7":"product_tag-antideslizante","8":"product_tag-con-fijacion-magnetica","9":"product_tag-funda-para-telefono-movil-2-en-1","10":"product_tag-transparente","11":"product_tag-venta-al-por-mayor","13":"first","14":"instock","15":"shipping-taxable","16":"product-type-simple"},"jetpack_sharing_enabled":true,"_links":{"self":[{"href":"https:\/\/www.mobile-well.com\/es\/wp-json\/wp\/v2\/product\/122099","targetHints":{"allow":["GET"]}}],"collection":[{"href":"https:\/\/www.mobile-well.com\/es\/wp-json\/wp\/v2\/product"}],"about":[{"href":"https:\/\/www.mobile-well.com\/es\/wp-json\/wp\/v2\/types\/product"}],"wp:featuredmedia":[{"embeddable":true,"href":"https:\/\/www.mobile-well.com\/es\/wp-json\/wp\/v2\/media\/122110"}],"wp:attachment":[{"href":"https:\/\/www.mobile-well.com\/es\/wp-json\/wp\/v2\/media?parent=122099"}],"wp:term":[{"taxonomy":"product_brand","embeddable":true,"href":"https:\/\/www.mobile-well.com\/es\/wp-json\/wp\/v2\/product_brand?post=122099"},{"taxonomy":"product_cat","embeddable":true,"href":"https:\/\/www.mobile-well.com\/es\/wp-json\/wp\/v2\/product_cat?post=122099"},{"taxonomy":"product_tag","embeddable":true,"href":"https:\/\/www.mobile-well.com\/es\/wp-json\/wp\/v2\/product_tag?post=122099"}],"curies":[{"name":"wp","href":"https:\/\/api.w.org\/{rel}","templated":true}]}}