{"id":122135,"date":"2025-07-07T17:21:35","date_gmt":"2025-07-07T09:21:35","guid":{"rendered":"https:\/\/www.mobile-well.com\/?post_type=product&#038;p=122135"},"modified":"2025-07-07T17:22:09","modified_gmt":"2025-07-07T09:22:09","slug":"funda-magnetica-transparente-para-telefono-con-soporte-para-lente-de-tpu-y-pc-con-diseno-de-macarron","status":"publish","type":"product","link":"https:\/\/www.mobile-well.com\/es\/producto\/funda-magnetica-transparente-para-telefono-con-soporte-para-lente-de-tpu-y-pc-con-diseno-de-macarron\/","title":{"rendered":"Funda magn\u00e9tica transparente para tel\u00e9fono con soporte para lente, de TPU y PC, con dise\u00f1o de macarr\u00f3n"},"content":{"rendered":"","protected":false},"excerpt":{"rendered":"<ul>\n<li>N.\u00b0 de producto: P0530-A24<\/li>\n<li>Material: TPU + PC + soporte de aleaci\u00f3n de zinc + im\u00e1n<\/li>\n<li>Fabricaci\u00f3n: inyecci\u00f3n de aceite<\/li>\n<\/ul>\n","protected":false},"featured_media":122152,"template":"","meta":[],"product_brand":[],"product_cat":[77],"product_tag":[10780,10568,10779,10440],"class_list":{"0":"post-122135","1":"product","2":"type-product","3":"status-publish","4":"has-post-thumbnail","6":"product_cat-fundas","7":"product_tag-con-diseno-de-macarron","8":"product_tag-funda-magnetica-transparente","9":"product_tag-soporte-para-lente","10":"product_tag-tpu-y-pc","12":"first","13":"instock","14":"shipping-taxable","15":"product-type-simple"},"jetpack_sharing_enabled":true,"_links":{"self":[{"href":"https:\/\/www.mobile-well.com\/es\/wp-json\/wp\/v2\/product\/122135","targetHints":{"allow":["GET"]}}],"collection":[{"href":"https:\/\/www.mobile-well.com\/es\/wp-json\/wp\/v2\/product"}],"about":[{"href":"https:\/\/www.mobile-well.com\/es\/wp-json\/wp\/v2\/types\/product"}],"wp:featuredmedia":[{"embeddable":true,"href":"https:\/\/www.mobile-well.com\/es\/wp-json\/wp\/v2\/media\/122152"}],"wp:attachment":[{"href":"https:\/\/www.mobile-well.com\/es\/wp-json\/wp\/v2\/media?parent=122135"}],"wp:term":[{"taxonomy":"product_brand","embeddable":true,"href":"https:\/\/www.mobile-well.com\/es\/wp-json\/wp\/v2\/product_brand?post=122135"},{"taxonomy":"product_cat","embeddable":true,"href":"https:\/\/www.mobile-well.com\/es\/wp-json\/wp\/v2\/product_cat?post=122135"},{"taxonomy":"product_tag","embeddable":true,"href":"https:\/\/www.mobile-well.com\/es\/wp-json\/wp\/v2\/product_tag?post=122135"}],"curies":[{"name":"wp","href":"https:\/\/api.w.org\/{rel}","templated":true}]}}